{"id":197,"date":"2025-10-20T17:02:48","date_gmt":"2025-10-20T17:02:48","guid":{"rendered":"https:\/\/www.anitakreativstudio.hu\/?page_id=197"},"modified":"2026-03-19T09:58:21","modified_gmt":"2026-03-19T09:58:21","slug":"arak-es-infok","status":"publish","type":"page","link":"https:\/\/www.anitakreativstudio.hu\/?page_id=197","title":{"rendered":"\u00c1rak \u00e9s inf\u00f3k"},"content":{"rendered":"\n<p><\/p>\n\n\n\n<figure class=\"wp-block-table\"><table class=\"has-fixed-layout\"><tbody><tr><td>Szolg\u00e1ltat\u00e1s<\/td><td>\u00c1R<\/td><\/tr><tr><td>\u00c9lm\u00e9nyfest\u00e9s 1 f\u0151 r\u00e9sz\u00e9re<\/td><td>14.000 Ft<\/td><\/tr><tr><td>P\u00e1ros \u00e9lm\u00e9nyfest\u00e9s<\/td><td>26.000 Ft<\/td><\/tr><tr><td>\u00c9lm\u00e9nyfest\u00e9s 3 f\u0151 r\u00e9sz\u00e9re<\/td><td>36.000 Ft<\/td><\/tr><tr><td>\u00c9lm\u00e9nyfest\u00e9s 4 f\u0151 r\u00e9sz\u00e9re<\/td><td>44.000 Ft<\/td><\/tr><tr><td>5 alkalmas b\u00e9rlet<\/td><td>59.000 Ft<\/td><\/tr><tr><td><a href=\"https:\/\/www.anitakreativstudio.hu\/?page_id=231\">Aj\u00e1nd\u00e9k kuponok<\/a><\/td><td>Aj\u00e1nd\u00e9kozz \u00e9lm\u00e9nyt! V\u00e1laszd a fenti szolg\u00e1ltat\u00e1sokat kupon form\u00e1j\u00e1ban!<\/td><\/tr><tr><td><a href=\"https:\/\/www.anitakreativstudio.hu\/?page_id=369\">Sz\u00fclet\u00e9snapi fest\u0151est<\/a> (maximum 6 f\u0151)<\/td><td>65.000 Ft-t\u00f3l<\/td><\/tr><\/tbody><\/table><\/figure>\n\n\n\n<p>A foglal\u00e1st legal\u00e1bb 48 \u00f3r\u00e1val az esem\u00e9ny el\u0151tt lehet foglalni vagy lemondani. <\/p>\n\n\n\n<p>A v\u00e1lasztott k\u00e9pet foglal\u00e1skor a megjegyz\u00e9s rovatban tudod be\u00edrni, vagy az esem\u00e9ny el\u0151tt 48 \u00f3r\u00e1val az info@anitakreativstudio.hu email c\u00edmre elk\u00fcldeni. Egy esem\u00e9nyen lehet t\u00f6bbf\u00e9le k\u00e9pet is v\u00e1lasztani &#8211; ebben az esetben nem vezetett fest\u00e9s, hanem folyamatos seg\u00edts\u00e9gny\u00fajt\u00e1ssal k\u00e9sz\u00fclnek el a k\u00e9pek. <a href=\"https:\/\/pin.it\/2BQIgVud9\">Pinteresten is vannak aj\u00e1nlott k\u00e9peim<\/a>, amikb\u0151l inspir\u00e1ci\u00f3t tudsz gy\u0171jteni.<\/p>\n\n\n\n<p>Az \u00c9lm\u00e9nyfest\u00e9shez minden sz\u00fcks\u00e9ges eszk\u00f6zt biztos\u00edtok neked. Azonban javaslom, hogy j\u00e1tsz\u00f3s ruh\u00e1ban gyere \u00e9s ha sz\u00fcks\u00e9ges, legyen n\u00e1lad hajgumi.<\/p>\n\n\n\n<p>K\u00e9rd\u00e9sed van? Itt megtal\u00e1lsz:<\/p>\n\n\n\n<p>+36204736480<\/p>\n\n\n\n<p> info@anitakreativstudio.hu<\/p>\n","protected":false},"excerpt":{"rendered":"<p>Szolg\u00e1ltat\u00e1s \u00c1R \u00c9lm\u00e9nyfest\u00e9s 1 f\u0151 r\u00e9sz\u00e9re 14.000 Ft P\u00e1ros \u00e9lm\u00e9nyfest\u00e9s 26.000 Ft \u00c9lm\u00e9nyfest\u00e9s 3 f\u0151 r\u00e9sz\u00e9re 36.000 Ft \u00c9lm\u00e9nyfest\u00e9s 4 [&hellip;]<\/p>\n","protected":false},"author":1,"featured_media":0,"parent":0,"menu_order":0,"comment_status":"closed","ping_status":"closed","template":"","meta":{"site-sidebar-layout":"default","site-content-layout":"","ast-site-content-layout":"default","site-content-style":"default","site-sidebar-style":"default","ast-global-header-display":"","ast-banner-title-visibility":"","ast-main-header-display":"","ast-hfb-above-header-display":"","ast-hfb-below-header-display":"","ast-hfb-mobile-header-display":"","site-post-title":"disabled","ast-breadcrumbs-content":"","ast-featured-img":"","footer-sml-layout":"","theme-transparent-header-meta":"","adv-header-id-meta":"","stick-header-meta":"","header-above-stick-meta":"","header-main-stick-meta":"","header-below-stick-meta":"","astra-migrate-meta-layouts":"default","ast-page-background-enabled":"default","ast-page-background-meta":{"desktop":{"background-color":"var(--ast-global-color-5)","background-image":"","background-repeat":"repeat","background-position":"center center","background-size":"auto","background-attachment":"scroll","background-type":"","background-media":"","overlay-type":"","overlay-color":"","overlay-opacity":"","overlay-gradient":""},"tablet":{"background-color":"","background-image":"","background-repeat":"repeat","background-position":"center center","background-size":"auto","background-attachment":"scroll","background-type":"","background-media":"","overlay-type":"","overlay-color":"","overlay-opacity":"","overlay-gradient":""},"mobile":{"background-color":"","background-image":"","background-repeat":"repeat","background-position":"center center","background-size":"auto","background-attachment":"scroll","background-type":"","background-media":"","overlay-type":"","overlay-color":"","overlay-opacity":"","overlay-gradient":""}},"ast-content-background-meta":{"desktop":{"background-color":"var(--ast-global-color-4)","background-image":"","background-repeat":"repeat","background-position":"center center","background-size":"auto","background-attachment":"scroll","background-type":"","background-media":"","overlay-type":"","overlay-color":"","overlay-opacity":"","overlay-gradient":""},"tablet":{"background-color":"var(--ast-global-color-4)","background-image":"","background-repeat":"repeat","background-position":"center center","background-size":"auto","background-attachment":"scroll","background-type":"","background-media":"","overlay-type":"","overlay-color":"","overlay-opacity":"","overlay-gradient":""},"mobile":{"background-color":"var(--ast-global-color-4)","background-image":"","background-repeat":"repeat","background-position":"center center","background-size":"auto","background-attachment":"scroll","background-type":"","background-media":"","overlay-type":"","overlay-color":"","overlay-opacity":"","overlay-gradient":""}},"_vp_format_video_url":"","_vp_image_focal_point":[],"footnotes":""},"class_list":["post-197","page","type-page","status-publish","hentry"],"yoast_head":"<!-- This site is optimized with the Yoast SEO plugin v26.0 - https:\/\/yoast.com\/wordpress\/plugins\/seo\/ -->\n<title>\u00c1rak \u00e9s inf\u00f3k - Anita Kreat\u00edv St\u00fadi\u00f3<\/title>\n<meta name=\"robots\" content=\"index, follow, max-snippet:-1, max-image-preview:large, max-video-preview:-1\" \/>\n<link rel=\"canonical\" href=\"https:\/\/www.anitakreativstudio.hu\/?page_id=197\" \/>\n<meta property=\"og:locale\" content=\"hu_HU\" \/>\n<meta property=\"og:type\" content=\"article\" \/>\n<meta property=\"og:title\" content=\"\u00c1rak \u00e9s inf\u00f3k - Anita Kreat\u00edv St\u00fadi\u00f3\" \/>\n<meta property=\"og:description\" content=\"Szolg\u00e1ltat\u00e1s \u00c1R \u00c9lm\u00e9nyfest\u00e9s 1 f\u0151 r\u00e9sz\u00e9re 14.000 Ft P\u00e1ros \u00e9lm\u00e9nyfest\u00e9s 26.000 Ft \u00c9lm\u00e9nyfest\u00e9s 3 f\u0151 r\u00e9sz\u00e9re 36.000 Ft \u00c9lm\u00e9nyfest\u00e9s 4 [&hellip;]\" \/>\n<meta property=\"og:url\" content=\"https:\/\/www.anitakreativstudio.hu\/?page_id=197\" \/>\n<meta property=\"og:site_name\" content=\"Anita Kreat\u00edv St\u00fadi\u00f3\" \/>\n<meta property=\"article:modified_time\" content=\"2026-03-19T09:58:21+00:00\" \/>\n<meta name=\"twitter:card\" content=\"summary_large_image\" \/>\n<meta name=\"twitter:label1\" content=\"Becs\u00fclt olvas\u00e1si id\u0151\" \/>\n\t<meta name=\"twitter:data1\" content=\"1 perc\" \/>\n<script type=\"application\/ld+json\" class=\"yoast-schema-graph\">{\"@context\":\"https:\/\/schema.org\",\"@graph\":[{\"@type\":\"WebPage\",\"@id\":\"https:\/\/www.anitakreativstudio.hu\/?page_id=197\",\"url\":\"https:\/\/www.anitakreativstudio.hu\/?page_id=197\",\"name\":\"\u00c1rak \u00e9s inf\u00f3k - Anita Kreat\u00edv St\u00fadi\u00f3\",\"isPartOf\":{\"@id\":\"https:\/\/www.anitakreativstudio.hu\/#website\"},\"datePublished\":\"2025-10-20T17:02:48+00:00\",\"dateModified\":\"2026-03-19T09:58:21+00:00\",\"breadcrumb\":{\"@id\":\"https:\/\/www.anitakreativstudio.hu\/?page_id=197#breadcrumb\"},\"inLanguage\":\"hu\",\"potentialAction\":[{\"@type\":\"ReadAction\",\"target\":[\"https:\/\/www.anitakreativstudio.hu\/?page_id=197\"]}]},{\"@type\":\"BreadcrumbList\",\"@id\":\"https:\/\/www.anitakreativstudio.hu\/?page_id=197#breadcrumb\",\"itemListElement\":[{\"@type\":\"ListItem\",\"position\":1,\"name\":\"Kezd\u0151lap\",\"item\":\"https:\/\/www.anitakreativstudio.hu\/\"},{\"@type\":\"ListItem\",\"position\":2,\"name\":\"\u00c1rak \u00e9s inf\u00f3k\"}]},{\"@type\":\"WebSite\",\"@id\":\"https:\/\/www.anitakreativstudio.hu\/#website\",\"url\":\"https:\/\/www.anitakreativstudio.hu\/\",\"name\":\"Anita Kreat\u00edv St\u00fadi\u00f3\",\"description\":\"\u00c9lm\u00e9nyfest\u00e9s Zugl\u00f3ban - alkot\u00e1s, kikapcsol\u00f3d\u00e1s, k\u00f6z\u00f6ss\u00e9g\",\"publisher\":{\"@id\":\"https:\/\/www.anitakreativstudio.hu\/#organization\"},\"potentialAction\":[{\"@type\":\"SearchAction\",\"target\":{\"@type\":\"EntryPoint\",\"urlTemplate\":\"https:\/\/www.anitakreativstudio.hu\/?s={search_term_string}\"},\"query-input\":{\"@type\":\"PropertyValueSpecification\",\"valueRequired\":true,\"valueName\":\"search_term_string\"}}],\"inLanguage\":\"hu\"},{\"@type\":\"Organization\",\"@id\":\"https:\/\/www.anitakreativstudio.hu\/#organization\",\"name\":\"Anita Kreat\u00edv St\u00fadi\u00f3\",\"url\":\"https:\/\/www.anitakreativstudio.hu\/\",\"logo\":{\"@type\":\"ImageObject\",\"inLanguage\":\"hu\",\"@id\":\"https:\/\/www.anitakreativstudio.hu\/#\/schema\/logo\/image\/\",\"url\":\"https:\/\/www.anitakreativstudio.hu\/wp-content\/uploads\/2025\/09\/cropped-cropped-Anita-masolata.png\",\"contentUrl\":\"https:\/\/www.anitakreativstudio.hu\/wp-content\/uploads\/2025\/09\/cropped-cropped-Anita-masolata.png\",\"width\":512,\"height\":512,\"caption\":\"Anita Kreat\u00edv St\u00fadi\u00f3\"},\"image\":{\"@id\":\"https:\/\/www.anitakreativstudio.hu\/#\/schema\/logo\/image\/\"}}]}<\/script>\n<!-- \/ Yoast SEO plugin. -->","yoast_head_json":{"title":"\u00c1rak \u00e9s inf\u00f3k - Anita Kreat\u00edv St\u00fadi\u00f3","robots":{"index":"index","follow":"follow","max-snippet":"max-snippet:-1","max-image-preview":"max-image-preview:large","max-video-preview":"max-video-preview:-1"},"canonical":"https:\/\/www.anitakreativstudio.hu\/?page_id=197","og_locale":"hu_HU","og_type":"article","og_title":"\u00c1rak \u00e9s inf\u00f3k - Anita Kreat\u00edv St\u00fadi\u00f3","og_description":"Szolg\u00e1ltat\u00e1s \u00c1R \u00c9lm\u00e9nyfest\u00e9s 1 f\u0151 r\u00e9sz\u00e9re 14.000 Ft P\u00e1ros \u00e9lm\u00e9nyfest\u00e9s 26.000 Ft \u00c9lm\u00e9nyfest\u00e9s 3 f\u0151 r\u00e9sz\u00e9re 36.000 Ft \u00c9lm\u00e9nyfest\u00e9s 4 [&hellip;]","og_url":"https:\/\/www.anitakreativstudio.hu\/?page_id=197","og_site_name":"Anita Kreat\u00edv St\u00fadi\u00f3","article_modified_time":"2026-03-19T09:58:21+00:00","twitter_card":"summary_large_image","twitter_misc":{"Becs\u00fclt olvas\u00e1si id\u0151":"1 perc"},"schema":{"@context":"https:\/\/schema.org","@graph":[{"@type":"WebPage","@id":"https:\/\/www.anitakreativstudio.hu\/?page_id=197","url":"https:\/\/www.anitakreativstudio.hu\/?page_id=197","name":"\u00c1rak \u00e9s inf\u00f3k - Anita Kreat\u00edv St\u00fadi\u00f3","isPartOf":{"@id":"https:\/\/www.anitakreativstudio.hu\/#website"},"datePublished":"2025-10-20T17:02:48+00:00","dateModified":"2026-03-19T09:58:21+00:00","breadcrumb":{"@id":"https:\/\/www.anitakreativstudio.hu\/?page_id=197#breadcrumb"},"inLanguage":"hu","potentialAction":[{"@type":"ReadAction","target":["https:\/\/www.anitakreativstudio.hu\/?page_id=197"]}]},{"@type":"BreadcrumbList","@id":"https:\/\/www.anitakreativstudio.hu\/?page_id=197#breadcrumb","itemListElement":[{"@type":"ListItem","position":1,"name":"Kezd\u0151lap","item":"https:\/\/www.anitakreativstudio.hu\/"},{"@type":"ListItem","position":2,"name":"\u00c1rak \u00e9s inf\u00f3k"}]},{"@type":"WebSite","@id":"https:\/\/www.anitakreativstudio.hu\/#website","url":"https:\/\/www.anitakreativstudio.hu\/","name":"Anita Kreat\u00edv St\u00fadi\u00f3","description":"\u00c9lm\u00e9nyfest\u00e9s Zugl\u00f3ban - alkot\u00e1s, kikapcsol\u00f3d\u00e1s, k\u00f6z\u00f6ss\u00e9g","publisher":{"@id":"https:\/\/www.anitakreativstudio.hu\/#organization"},"potentialAction":[{"@type":"SearchAction","target":{"@type":"EntryPoint","urlTemplate":"https:\/\/www.anitakreativstudio.hu\/?s={search_term_string}"},"query-input":{"@type":"PropertyValueSpecification","valueRequired":true,"valueName":"search_term_string"}}],"inLanguage":"hu"},{"@type":"Organization","@id":"https:\/\/www.anitakreativstudio.hu\/#organization","name":"Anita Kreat\u00edv St\u00fadi\u00f3","url":"https:\/\/www.anitakreativstudio.hu\/","logo":{"@type":"ImageObject","inLanguage":"hu","@id":"https:\/\/www.anitakreativstudio.hu\/#\/schema\/logo\/image\/","url":"https:\/\/www.anitakreativstudio.hu\/wp-content\/uploads\/2025\/09\/cropped-cropped-Anita-masolata.png","contentUrl":"https:\/\/www.anitakreativstudio.hu\/wp-content\/uploads\/2025\/09\/cropped-cropped-Anita-masolata.png","width":512,"height":512,"caption":"Anita Kreat\u00edv St\u00fadi\u00f3"},"image":{"@id":"https:\/\/www.anitakreativstudio.hu\/#\/schema\/logo\/image\/"}}]}},"jetpack_likes_enabled":true,"jetpack_sharing_enabled":true,"_links":{"self":[{"href":"https:\/\/www.anitakreativstudio.hu\/index.php?rest_route=\/wp\/v2\/pages\/197","targetHints":{"allow":["GET"]}}],"collection":[{"href":"https:\/\/www.anitakreativstudio.hu\/index.php?rest_route=\/wp\/v2\/pages"}],"about":[{"href":"https:\/\/www.anitakreativstudio.hu\/index.php?rest_route=\/wp\/v2\/types\/page"}],"author":[{"embeddable":true,"href":"https:\/\/www.anitakreativstudio.hu\/index.php?rest_route=\/wp\/v2\/users\/1"}],"replies":[{"embeddable":true,"href":"https:\/\/www.anitakreativstudio.hu\/index.php?rest_route=%2Fwp%2Fv2%2Fcomments&post=197"}],"version-history":[{"count":13,"href":"https:\/\/www.anitakreativstudio.hu\/index.php?rest_route=\/wp\/v2\/pages\/197\/revisions"}],"predecessor-version":[{"id":441,"href":"https:\/\/www.anitakreativstudio.hu\/index.php?rest_route=\/wp\/v2\/pages\/197\/revisions\/441"}],"wp:attachment":[{"href":"https:\/\/www.anitakreativstudio.hu\/index.php?rest_route=%2Fwp%2Fv2%2Fmedia&parent=197"}],"curies":[{"name":"wp","href":"https:\/\/api.w.org\/{rel}","templated":true}]}}