{"id":231,"date":"2025-11-02T10:15:18","date_gmt":"2025-11-02T10:15:18","guid":{"rendered":"https:\/\/www.anitakreativstudio.hu\/?page_id=231"},"modified":"2026-03-19T10:09:17","modified_gmt":"2026-03-19T10:09:17","slug":"ajandek-kuponok","status":"publish","type":"page","link":"https:\/\/www.anitakreativstudio.hu\/?page_id=231","title":{"rendered":"Aj\u00e1nd\u00e9k kuponok"},"content":{"rendered":"\n<figure class=\"wp-block-image aligncenter size-full is-resized\"><img fetchpriority=\"high\" decoding=\"async\" width=\"300\" height=\"424\" src=\"https:\/\/www.anitakreativstudio.hu\/wp-content\/uploads\/2026\/03\/Kupon-weboldal.png\" alt=\"\" class=\"wp-image-446\" style=\"width:1200px;height:auto\" srcset=\"https:\/\/www.anitakreativstudio.hu\/wp-content\/uploads\/2026\/03\/Kupon-weboldal.png 300w, https:\/\/www.anitakreativstudio.hu\/wp-content\/uploads\/2026\/03\/Kupon-weboldal-212x300.png 212w\" sizes=\"(max-width: 300px) 100vw, 300px\" \/><\/figure>\n\n\n\n<p>Lepd meg szeretteidet egy kreat\u00edv \u00e9s \u00e9lm\u00e9nyekkel teli \u00e9lm\u00e9nyfest\u00e9ssel! Az Anita Kreat\u00edv St\u00fadi\u00f3 kuponjaival most b\u00e1rki k\u00f6nnyed\u00e9n r\u00e9szt vehet egy fest\u0151 workshopon.<\/p>\n\n\n\n<h2 class=\"wp-block-heading\">Kupon t\u00edpusok<\/h2>\n\n\n\n<ul class=\"wp-block-list\">\n<li><strong>1 f\u0151s kupon<\/strong> \u2013 \u00c9lm\u00e9nyfest\u00e9s aj\u00e1nd\u00e9kba egy f\u0151 r\u00e9sz\u00e9re<\/li>\n\n\n\n<li><strong>2 f\u0151s kupon<\/strong> \u2013 \u00c9lm\u00e9nyfest\u00e9s aj\u00e1nd\u00e9kba bar\u00e1ti, p\u00e1r vagy testv\u00e9r sz\u00e1m\u00e1ra<\/li>\n\n\n\n<li><strong>3 f\u0151s kupon<\/strong> \u2013 Kis csapatoknak, csal\u00e1doknak<\/li>\n\n\n\n<li><strong>Gyerek\u2013sz\u00fcl\u0151 kupon<\/strong> \u2013 K\u00fcl\u00f6nleges csal\u00e1di \u00e9lm\u00e9ny, ahol a gyerekek \u00e9s a sz\u00fcl\u0151k egy\u00fctt festhetnek<\/li>\n<\/ul>\n\n\n\n<blockquote class=\"wp-block-quote is-layout-flow wp-block-quote-is-layout-flow\">\n<p>Minden kupon tartalmazza a fest\u00e9keket, eszk\u00f6z\u00f6ket \u00e9s egyedi, kreat\u00edv \u00e9lm\u00e9nyt.<br>Az aj\u00e1nlott \u00e9letkor a gyerek-sz\u00fcl\u0151 kupon eset\u00e9ben: 10 \u00e9v felett.<\/p>\n<\/blockquote>\n\n\n\n<h2 class=\"wp-block-heading\">\u00c1r \u00e9s id\u0151tartam<\/h2>\n\n\n\n<ul class=\"wp-block-list\">\n<li><strong>1 f\u0151s kupon:<\/strong> 14.000 Ft \/ 3 \u00f3ra<\/li>\n\n\n\n<li><strong>2 f\u0151s kupon:<\/strong> 26.000 Ft \/ 3 \u00f3ra<\/li>\n\n\n\n<li><strong>3 f\u0151s kupon:<\/strong> 36.000 Ft \/ 3 \u00f3ra<\/li>\n\n\n\n<li><strong>Gyerek\u2013sz\u00fcl\u0151 kupon:<\/strong> 24.000 Ft \/ 3 \u00f3ra<\/li>\n<\/ul>\n\n\n\n<h2 class=\"wp-block-heading\">Kupon \u00e9rv\u00e9nyess\u00e9ge<\/h2>\n\n\n\n<ul class=\"wp-block-list\">\n<li>A kupon a felt\u00fcntetett d\u00e1tumig \u00e9rv\u00e9nyes.<\/li>\n<\/ul>\n\n\n\n<h2 class=\"wp-block-heading\">Foglal\u00e1s \u00e9s bev\u00e1lt\u00e1s<\/h2>\n\n\n\n<ol class=\"wp-block-list\">\n<li>K\u00fcldj emailt a anitakreativstudio@gmail.com c\u00edmre a v\u00e1lasztott kupon t\u00edpus\u00e1val.<\/li>\n\n\n\n<li>Megkapod az sz\u00e1ml\u00e1t \u00e9s a kupont PDF form\u00e1tumban, amit nyomtatva vagy elektronikusan is felhaszn\u00e1lhatsz.<\/li>\n\n\n\n<li>Az \u00f6sszeg kifizet\u00e9s\u00e9vel a kupon \u00e9rv\u00e9nyess\u00e9 v\u00e1lik.<\/li>\n\n\n\n<li>A kupon bev\u00e1lt\u00e1s\u00e1hoz a megaj\u00e1nd\u00e9kozott id\u0151pontot v\u00e1laszt az <strong><a href=\"https:\/\/www.anitakreativstudio.hu\/?page_id=79\">Id\u0151pontfoglal\u00e1s oldalunkon<\/a><\/strong>, \u00e9s jelzi a kupon k\u00f3dj\u00e1t. A bev\u00e1lt\u00e1s napj\u00e1t k\u00f6vet\u0151 h\u00e1rom napon bel\u00fcl megk\u00fcldj\u00fck a sz\u00e1ml\u00e1t.<\/li>\n<\/ol>\n\n\n\n<h2 class=\"wp-block-heading\">Egy\u00e9b inform\u00e1ci\u00f3k<\/h2>\n\n\n\n<ul class=\"wp-block-list\">\n<li>Lemond\u00e1s vagy \u00e1tfoglal\u00e1s a workshop kezdete el\u0151tt <strong>48 \u00f3r\u00e1val<\/strong> lehets\u00e9ges.<\/li>\n\n\n\n<li>Egy kupon egy alkalomra \u00e9rv\u00e9nyes.<\/li>\n<\/ul>\n","protected":false},"excerpt":{"rendered":"<p>Lepd meg szeretteidet egy kreat\u00edv \u00e9s \u00e9lm\u00e9nyekkel teli \u00e9lm\u00e9nyfest\u00e9ssel! Az Anita Kreat\u00edv St\u00fadi\u00f3 kuponjaival most b\u00e1rki k\u00f6nnyed\u00e9n r\u00e9szt vehet egy [&hellip;]<\/p>\n","protected":false},"author":1,"featured_media":0,"parent":0,"menu_order":0,"comment_status":"closed","ping_status":"closed","template":"","meta":{"site-sidebar-layout":"default","site-content-layout":"","ast-site-content-layout":"default","site-content-style":"default","site-sidebar-style":"default","ast-global-header-display":"","ast-banner-title-visibility":"","ast-main-header-display":"","ast-hfb-above-header-display":"","ast-hfb-below-header-display":"","ast-hfb-mobile-header-display":"","site-post-title":"disabled","ast-breadcrumbs-content":"","ast-featured-img":"","footer-sml-layout":"","theme-transparent-header-meta":"","adv-header-id-meta":"","stick-header-meta":"","header-above-stick-meta":"","header-main-stick-meta":"","header-below-stick-meta":"","astra-migrate-meta-layouts":"default","ast-page-background-enabled":"default","ast-page-background-meta":{"desktop":{"background-color":"var(--ast-global-color-5)","background-image":"","background-repeat":"repeat","background-position":"center center","background-size":"auto","background-attachment":"scroll","background-type":"","background-media":"","overlay-type":"","overlay-color":"","overlay-opacity":"","overlay-gradient":""},"tablet":{"background-color":"","background-image":"","background-repeat":"repeat","background-position":"center center","background-size":"auto","background-attachment":"scroll","background-type":"","background-media":"","overlay-type":"","overlay-color":"","overlay-opacity":"","overlay-gradient":""},"mobile":{"background-color":"","background-image":"","background-repeat":"repeat","background-position":"center center","background-size":"auto","background-attachment":"scroll","background-type":"","background-media":"","overlay-type":"","overlay-color":"","overlay-opacity":"","overlay-gradient":""}},"ast-content-background-meta":{"desktop":{"background-color":"var(--ast-global-color-4)","background-image":"","background-repeat":"repeat","background-position":"center center","background-size":"auto","background-attachment":"scroll","background-type":"","background-media":"","overlay-type":"","overlay-color":"","overlay-opacity":"","overlay-gradient":""},"tablet":{"background-color":"var(--ast-global-color-4)","background-image":"","background-repeat":"repeat","background-position":"center center","background-size":"auto","background-attachment":"scroll","background-type":"","background-media":"","overlay-type":"","overlay-color":"","overlay-opacity":"","overlay-gradient":""},"mobile":{"background-color":"var(--ast-global-color-4)","background-image":"","background-repeat":"repeat","background-position":"center center","background-size":"auto","background-attachment":"scroll","background-type":"","background-media":"","overlay-type":"","overlay-color":"","overlay-opacity":"","overlay-gradient":""}},"_vp_format_video_url":"","_vp_image_focal_point":[],"footnotes":""},"class_list":["post-231","page","type-page","status-publish","hentry"],"yoast_head":"<!-- This site is optimized with the Yoast SEO plugin v26.0 - https:\/\/yoast.com\/wordpress\/plugins\/seo\/ -->\n<title>Aj\u00e1nd\u00e9k kuponok - Anita Kreat\u00edv St\u00fadi\u00f3<\/title>\n<meta name=\"robots\" content=\"index, follow, max-snippet:-1, max-image-preview:large, max-video-preview:-1\" \/>\n<link rel=\"canonical\" href=\"http:\/\/www.anitakreativstudio.hu\/?page_id=231\" \/>\n<meta property=\"og:locale\" content=\"hu_HU\" \/>\n<meta property=\"og:type\" content=\"article\" \/>\n<meta property=\"og:title\" content=\"Aj\u00e1nd\u00e9k kuponok - Anita Kreat\u00edv St\u00fadi\u00f3\" \/>\n<meta property=\"og:description\" content=\"Lepd meg szeretteidet egy kreat\u00edv \u00e9s \u00e9lm\u00e9nyekkel teli \u00e9lm\u00e9nyfest\u00e9ssel! Az Anita Kreat\u00edv St\u00fadi\u00f3 kuponjaival most b\u00e1rki k\u00f6nnyed\u00e9n r\u00e9szt vehet egy [&hellip;]\" \/>\n<meta property=\"og:url\" content=\"http:\/\/www.anitakreativstudio.hu\/?page_id=231\" \/>\n<meta property=\"og:site_name\" content=\"Anita Kreat\u00edv St\u00fadi\u00f3\" \/>\n<meta property=\"article:modified_time\" content=\"2026-03-19T10:09:17+00:00\" \/>\n<meta property=\"og:image\" content=\"https:\/\/www.anitakreativstudio.hu\/wp-content\/uploads\/2026\/03\/Kupon-weboldal.png\" \/>\n<meta name=\"twitter:card\" content=\"summary_large_image\" \/>\n<meta name=\"twitter:label1\" content=\"Becs\u00fclt olvas\u00e1si id\u0151\" \/>\n\t<meta name=\"twitter:data1\" content=\"2 perc\" \/>\n<script type=\"application\/ld+json\" class=\"yoast-schema-graph\">{\"@context\":\"https:\/\/schema.org\",\"@graph\":[{\"@type\":\"WebPage\",\"@id\":\"http:\/\/www.anitakreativstudio.hu\/?page_id=231\",\"url\":\"http:\/\/www.anitakreativstudio.hu\/?page_id=231\",\"name\":\"Aj\u00e1nd\u00e9k kuponok - Anita Kreat\u00edv St\u00fadi\u00f3\",\"isPartOf\":{\"@id\":\"https:\/\/www.anitakreativstudio.hu\/#website\"},\"primaryImageOfPage\":{\"@id\":\"http:\/\/www.anitakreativstudio.hu\/?page_id=231#primaryimage\"},\"image\":{\"@id\":\"http:\/\/www.anitakreativstudio.hu\/?page_id=231#primaryimage\"},\"thumbnailUrl\":\"https:\/\/www.anitakreativstudio.hu\/wp-content\/uploads\/2026\/03\/Kupon-weboldal.png\",\"datePublished\":\"2025-11-02T10:15:18+00:00\",\"dateModified\":\"2026-03-19T10:09:17+00:00\",\"breadcrumb\":{\"@id\":\"http:\/\/www.anitakreativstudio.hu\/?page_id=231#breadcrumb\"},\"inLanguage\":\"hu\",\"potentialAction\":[{\"@type\":\"ReadAction\",\"target\":[\"http:\/\/www.anitakreativstudio.hu\/?page_id=231\"]}]},{\"@type\":\"ImageObject\",\"inLanguage\":\"hu\",\"@id\":\"http:\/\/www.anitakreativstudio.hu\/?page_id=231#primaryimage\",\"url\":\"https:\/\/www.anitakreativstudio.hu\/wp-content\/uploads\/2026\/03\/Kupon-weboldal.png\",\"contentUrl\":\"https:\/\/www.anitakreativstudio.hu\/wp-content\/uploads\/2026\/03\/Kupon-weboldal.png\",\"width\":300,\"height\":424},{\"@type\":\"BreadcrumbList\",\"@id\":\"http:\/\/www.anitakreativstudio.hu\/?page_id=231#breadcrumb\",\"itemListElement\":[{\"@type\":\"ListItem\",\"position\":1,\"name\":\"Kezd\u0151lap\",\"item\":\"https:\/\/www.anitakreativstudio.hu\/\"},{\"@type\":\"ListItem\",\"position\":2,\"name\":\"Aj\u00e1nd\u00e9k kuponok\"}]},{\"@type\":\"WebSite\",\"@id\":\"https:\/\/www.anitakreativstudio.hu\/#website\",\"url\":\"https:\/\/www.anitakreativstudio.hu\/\",\"name\":\"Anita Kreat\u00edv St\u00fadi\u00f3\",\"description\":\"\u00c9lm\u00e9nyfest\u00e9s Zugl\u00f3ban - alkot\u00e1s, kikapcsol\u00f3d\u00e1s, k\u00f6z\u00f6ss\u00e9g\",\"publisher\":{\"@id\":\"https:\/\/www.anitakreativstudio.hu\/#organization\"},\"potentialAction\":[{\"@type\":\"SearchAction\",\"target\":{\"@type\":\"EntryPoint\",\"urlTemplate\":\"https:\/\/www.anitakreativstudio.hu\/?s={search_term_string}\"},\"query-input\":{\"@type\":\"PropertyValueSpecification\",\"valueRequired\":true,\"valueName\":\"search_term_string\"}}],\"inLanguage\":\"hu\"},{\"@type\":\"Organization\",\"@id\":\"https:\/\/www.anitakreativstudio.hu\/#organization\",\"name\":\"Anita Kreat\u00edv St\u00fadi\u00f3\",\"url\":\"https:\/\/www.anitakreativstudio.hu\/\",\"logo\":{\"@type\":\"ImageObject\",\"inLanguage\":\"hu\",\"@id\":\"https:\/\/www.anitakreativstudio.hu\/#\/schema\/logo\/image\/\",\"url\":\"https:\/\/www.anitakreativstudio.hu\/wp-content\/uploads\/2025\/09\/cropped-cropped-Anita-masolata.png\",\"contentUrl\":\"https:\/\/www.anitakreativstudio.hu\/wp-content\/uploads\/2025\/09\/cropped-cropped-Anita-masolata.png\",\"width\":512,\"height\":512,\"caption\":\"Anita Kreat\u00edv St\u00fadi\u00f3\"},\"image\":{\"@id\":\"https:\/\/www.anitakreativstudio.hu\/#\/schema\/logo\/image\/\"}}]}<\/script>\n<!-- \/ Yoast SEO plugin. -->","yoast_head_json":{"title":"Aj\u00e1nd\u00e9k kuponok - Anita Kreat\u00edv St\u00fadi\u00f3","robots":{"index":"index","follow":"follow","max-snippet":"max-snippet:-1","max-image-preview":"max-image-preview:large","max-video-preview":"max-video-preview:-1"},"canonical":"http:\/\/www.anitakreativstudio.hu\/?page_id=231","og_locale":"hu_HU","og_type":"article","og_title":"Aj\u00e1nd\u00e9k kuponok - Anita Kreat\u00edv St\u00fadi\u00f3","og_description":"Lepd meg szeretteidet egy kreat\u00edv \u00e9s \u00e9lm\u00e9nyekkel teli \u00e9lm\u00e9nyfest\u00e9ssel! Az Anita Kreat\u00edv St\u00fadi\u00f3 kuponjaival most b\u00e1rki k\u00f6nnyed\u00e9n r\u00e9szt vehet egy [&hellip;]","og_url":"http:\/\/www.anitakreativstudio.hu\/?page_id=231","og_site_name":"Anita Kreat\u00edv St\u00fadi\u00f3","article_modified_time":"2026-03-19T10:09:17+00:00","og_image":[{"url":"https:\/\/www.anitakreativstudio.hu\/wp-content\/uploads\/2026\/03\/Kupon-weboldal.png","type":"","width":"","height":""}],"twitter_card":"summary_large_image","twitter_misc":{"Becs\u00fclt olvas\u00e1si id\u0151":"2 perc"},"schema":{"@context":"https:\/\/schema.org","@graph":[{"@type":"WebPage","@id":"http:\/\/www.anitakreativstudio.hu\/?page_id=231","url":"http:\/\/www.anitakreativstudio.hu\/?page_id=231","name":"Aj\u00e1nd\u00e9k kuponok - Anita Kreat\u00edv St\u00fadi\u00f3","isPartOf":{"@id":"https:\/\/www.anitakreativstudio.hu\/#website"},"primaryImageOfPage":{"@id":"http:\/\/www.anitakreativstudio.hu\/?page_id=231#primaryimage"},"image":{"@id":"http:\/\/www.anitakreativstudio.hu\/?page_id=231#primaryimage"},"thumbnailUrl":"https:\/\/www.anitakreativstudio.hu\/wp-content\/uploads\/2026\/03\/Kupon-weboldal.png","datePublished":"2025-11-02T10:15:18+00:00","dateModified":"2026-03-19T10:09:17+00:00","breadcrumb":{"@id":"http:\/\/www.anitakreativstudio.hu\/?page_id=231#breadcrumb"},"inLanguage":"hu","potentialAction":[{"@type":"ReadAction","target":["http:\/\/www.anitakreativstudio.hu\/?page_id=231"]}]},{"@type":"ImageObject","inLanguage":"hu","@id":"http:\/\/www.anitakreativstudio.hu\/?page_id=231#primaryimage","url":"https:\/\/www.anitakreativstudio.hu\/wp-content\/uploads\/2026\/03\/Kupon-weboldal.png","contentUrl":"https:\/\/www.anitakreativstudio.hu\/wp-content\/uploads\/2026\/03\/Kupon-weboldal.png","width":300,"height":424},{"@type":"BreadcrumbList","@id":"http:\/\/www.anitakreativstudio.hu\/?page_id=231#breadcrumb","itemListElement":[{"@type":"ListItem","position":1,"name":"Kezd\u0151lap","item":"https:\/\/www.anitakreativstudio.hu\/"},{"@type":"ListItem","position":2,"name":"Aj\u00e1nd\u00e9k kuponok"}]},{"@type":"WebSite","@id":"https:\/\/www.anitakreativstudio.hu\/#website","url":"https:\/\/www.anitakreativstudio.hu\/","name":"Anita Kreat\u00edv St\u00fadi\u00f3","description":"\u00c9lm\u00e9nyfest\u00e9s Zugl\u00f3ban - alkot\u00e1s, kikapcsol\u00f3d\u00e1s, k\u00f6z\u00f6ss\u00e9g","publisher":{"@id":"https:\/\/www.anitakreativstudio.hu\/#organization"},"potentialAction":[{"@type":"SearchAction","target":{"@type":"EntryPoint","urlTemplate":"https:\/\/www.anitakreativstudio.hu\/?s={search_term_string}"},"query-input":{"@type":"PropertyValueSpecification","valueRequired":true,"valueName":"search_term_string"}}],"inLanguage":"hu"},{"@type":"Organization","@id":"https:\/\/www.anitakreativstudio.hu\/#organization","name":"Anita Kreat\u00edv St\u00fadi\u00f3","url":"https:\/\/www.anitakreativstudio.hu\/","logo":{"@type":"ImageObject","inLanguage":"hu","@id":"https:\/\/www.anitakreativstudio.hu\/#\/schema\/logo\/image\/","url":"https:\/\/www.anitakreativstudio.hu\/wp-content\/uploads\/2025\/09\/cropped-cropped-Anita-masolata.png","contentUrl":"https:\/\/www.anitakreativstudio.hu\/wp-content\/uploads\/2025\/09\/cropped-cropped-Anita-masolata.png","width":512,"height":512,"caption":"Anita Kreat\u00edv St\u00fadi\u00f3"},"image":{"@id":"https:\/\/www.anitakreativstudio.hu\/#\/schema\/logo\/image\/"}}]}},"jetpack_likes_enabled":true,"jetpack_sharing_enabled":true,"_links":{"self":[{"href":"https:\/\/www.anitakreativstudio.hu\/index.php?rest_route=\/wp\/v2\/pages\/231","targetHints":{"allow":["GET"]}}],"collection":[{"href":"https:\/\/www.anitakreativstudio.hu\/index.php?rest_route=\/wp\/v2\/pages"}],"about":[{"href":"https:\/\/www.anitakreativstudio.hu\/index.php?rest_route=\/wp\/v2\/types\/page"}],"author":[{"embeddable":true,"href":"https:\/\/www.anitakreativstudio.hu\/index.php?rest_route=\/wp\/v2\/users\/1"}],"replies":[{"embeddable":true,"href":"https:\/\/www.anitakreativstudio.hu\/index.php?rest_route=%2Fwp%2Fv2%2Fcomments&post=231"}],"version-history":[{"count":6,"href":"https:\/\/www.anitakreativstudio.hu\/index.php?rest_route=\/wp\/v2\/pages\/231\/revisions"}],"predecessor-version":[{"id":449,"href":"https:\/\/www.anitakreativstudio.hu\/index.php?rest_route=\/wp\/v2\/pages\/231\/revisions\/449"}],"wp:attachment":[{"href":"https:\/\/www.anitakreativstudio.hu\/index.php?rest_route=%2Fwp%2Fv2%2Fmedia&parent=231"}],"curies":[{"name":"wp","href":"https:\/\/api.w.org\/{rel}","templated":true}]}}