{"id":3,"date":"2025-09-22T18:29:53","date_gmt":"2025-09-22T18:29:53","guid":{"rendered":"http:\/\/www.anitakreativstudio.hu\/?page_id=3"},"modified":"2025-12-30T09:17:11","modified_gmt":"2025-12-30T09:17:11","slug":"privacy-policy","status":"publish","type":"page","link":"https:\/\/www.anitakreativstudio.hu\/?page_id=3","title":{"rendered":"\u00c1ltal\u00e1nos Szerz\u0151d\u00e9si Felt\u00e9telek"},"content":{"rendered":"\n<h2 class=\"wp-block-heading\">Anita Kreat\u00edv St\u00fadi\u00f3<\/h2>\n\n\n\n<p>Weboldal http:\/\/www.anitakreativstudio.hu<\/p>\n\n\n\n<p>Hat\u00e1lyos: 2025.09.26.<\/p>\n\n\n\n<h2 class=\"wp-block-heading\">1. \u00dczemeltet\u0151 adatai<\/h2>\n\n\n\n<p>C\u00e9gn\u00e9v: Szab\u00f3 Anita (egy\u00e9ni v\u00e1llalkoz\u00f3)<\/p>\n\n\n\n<p>Sz\u00e9khely: 1141 Budapest, Szederk\u00e9ny utca 11. 3.<\/p>\n\n\n\n<p>Ad\u00f3sz\u00e1m: 91397551-1-42<\/p>\n\n\n\n<p>Kapcsolattart\u00e1s: szanita88.as@gmail.com<\/p>\n\n\n\n<p>Szolg\u00e1ltat\u00e1s le\u00edr\u00e1sa<\/p>\n\n\n\n<p>Az Anita Kreat\u00edv St\u00fadi\u00f3 <strong>\u00e9lm\u00e9nyfest\u0151 foglalkoz\u00e1sokat \u00e9s online fest\u0151 kih\u00edv\u00e1sokat<\/strong> k\u00edn\u00e1l.<\/p>\n\n\n\n<p>Kapcsol\u00f3d\u00f3 kreat\u00edv term\u00e9kek \u00e9s festm\u00e9nyek \u00e9rt\u00e9kes\u00edt\u00e9se weboldalon vagy partnereken kereszt\u00fcl.<\/p>\n\n\n\n<p>Helysz\u00edni workshopok Zugl\u00f3ban vagy el\u0151re egyeztetett helysz\u00ednen.<\/p>\n\n\n\n<p>Online fest\u0151 kih\u00edv\u00e1sok (pl. akvarell t\u00e9m\u00e1k).<\/p>\n\n\n\n<h2 class=\"wp-block-heading\">V\u00e1s\u00e1rl\u00e1s, jelentkez\u00e9s<\/h2>\n\n\n\n<p>A workshopokra \u00e9s online esem\u00e9nyekre el\u0151zetes <strong>regisztr\u00e1ci\u00f3 sz\u00fcks\u00e9ges<\/strong>.<\/p>\n\n\n\n<p>A jelentkez\u00e9s a weboldalon, e-mailben vagy k\u00f6z\u00f6ss\u00e9gi m\u00e9di\u00e1n kereszt\u00fcl t\u00f6rt\u00e9nik.<\/p>\n\n\n\n<p>A szolg\u00e1ltat\u00e1sok d\u00edj\u00e1t banki \u00e1tutal\u00e1ssal, SimplePay linkkel vagy k\u00e9szp\u00e9nzben lehet kiegyenl\u00edteni.<\/p>\n\n\n\n<h2 class=\"wp-block-heading\">Lemond\u00e1si felt\u00e9telek<\/h2>\n\n\n\n<p>El\u0151re fizet\u00e9s eset\u00e9n, a r\u00e9szv\u00e9tel lemond\u00e1sa <strong>legal\u00e1bb 48 \u00f3r\u00e1val az esem\u00e9ny el\u0151tt<\/strong> d\u00edjmentes.<\/p>\n\n\n\n<p>48 \u00f3r\u00e1n bel\u00fcli lemond\u00e1s eset\u00e9n a r\u00e9szv\u00e9teli d\u00edj <strong>50%-a<\/strong> ker\u00fcl visszat\u00e9r\u00edt\u00e9sre.<\/p>\n\n\n\n<p>Meg nem jelen\u00e9s eset\u00e9n a r\u00e9szv\u00e9teli d\u00edj nem ker\u00fcl visszafizet\u00e9sre.<\/p>\n\n\n\n<h2 class=\"wp-block-heading\">Szellemi tulajdon<\/h2>\n\n\n\n<p>A workshopokon \u00e9s online kih\u00edv\u00e1sok sor\u00e1n k\u00e9sz\u00fclt fot\u00f3k, vide\u00f3k a St\u00fadi\u00f3 marketing c\u00e9ljaira felhaszn\u00e1lhat\u00f3k. Amennyiben a r\u00e9sztvev\u0151 nem szeretne a fot\u00f3kon szerepelni, ezt el\u0151re jelezheti.<\/p>\n\n\n\n<p>A r\u00e9sztvev\u0151 alkot\u00e1sok a r\u00e9sztvev\u0151 tulajdon\u00e1ban maradnak.<\/p>\n\n\n\n<p>Az online tartalmak (vide\u00f3k, \u00fatmutat\u00f3k) szerz\u0151i jogv\u00e9delem alatt \u00e1llnak, m\u00e1sol\u00e1suk \u00e9s terjeszt\u00e9s\u00fck nem enged\u00e9lyezett.<\/p>\n\n\n\n<h2 class=\"wp-block-heading\">Felel\u0151ss\u00e9gkorl\u00e1toz\u00e1s<\/h2>\n\n\n\n<p>A r\u00e9sztvev\u0151 saj\u00e1t felel\u0151ss\u00e9g\u00e9re vesz r\u00e9szt a foglalkoz\u00e1son.<\/p>\n\n\n\n<p>A St\u00fadi\u00f3 nem v\u00e1llal felel\u0151ss\u00e9get a foglalkoz\u00e1s sor\u00e1n keletkezett szem\u00e9lyi s\u00e9r\u00fcl\u00e9s\u00e9rt vagy anyagi k\u00e1r\u00e9rt, kiv\u00e9ve a sz\u00e1nd\u00e9kos vagy s\u00falyosan gondatlan magatart\u00e1st.<\/p>\n\n\n\n<h2 class=\"wp-block-heading\">Panaszkezel\u00e9s<\/h2>\n\n\n\n<p>Panaszokat \u00edr\u00e1sban, e-mailben lehet beny\u00fajtani.<\/p>\n\n\n\n<p>A be\u00e9rkezett panaszokat az \u00fczemeltet\u0151 <strong>14 napon bel\u00fcl megv\u00e1laszolja<\/strong>.<\/p>\n\n\n\n<h2 class=\"wp-block-heading\">H\u00edrlev\u00e9l-feliratkoz\u00e1s \u00e9s adatkezel\u00e9s<\/h2>\n\n\n\n<p>A h\u00edrlev\u00e9lre t\u00f6rt\u00e9n\u0151 feliratkoz\u00e1s sor\u00e1n a felhaszn\u00e1l\u00f3 \u00f6nk\u00e9ntesen megadja az al\u00e1bbi szem\u00e9lyes adat\u00e1t:<\/p>\n\n\n\n<ul class=\"wp-block-list\">\n<li>e-mail c\u00edm<\/li>\n<\/ul>\n\n\n\n<p>Az adatkezel\u00e9s c\u00e9lja:<\/p>\n\n\n\n<ul class=\"wp-block-list\">\n<li>t\u00e1j\u00e9koztat\u00e1s az aktu\u00e1lis \u00e9s j\u00f6v\u0151beni \u00e9lm\u00e9nyfest\u00e9s id\u0151pontokr\u00f3l,<\/li>\n\n\n\n<li>\u00e1rakr\u00f3l,<\/li>\n\n\n\n<li>egyedi, alkalmi kedvezm\u00e9nyekr\u0151l,<\/li>\n\n\n\n<li>valamint a havi rendszeress\u00e9ggel megrendez\u00e9sre ker\u00fcl\u0151 ny\u00edlt napr\u00f3l.<\/li>\n<\/ul>\n\n\n\n<p>A h\u00edrlevelek k\u00fcld\u00e9s\u00e9nek gyakoris\u00e1ga:<\/p>\n\n\n\n<ul class=\"wp-block-list\">\n<li>havonta legfeljebb 2 alkalom.<\/li>\n<\/ul>\n\n\n\n<p>Az adatkezel\u00e9s jogalapja:<\/p>\n\n\n\n<ul class=\"wp-block-list\">\n<li>az \u00e9rintett \u00f6nk\u00e9ntes, kifejezett hozz\u00e1j\u00e1rul\u00e1sa (GDPR 6. cikk (1) bekezd\u00e9s a) pont).<\/li>\n<\/ul>\n\n\n\n<p>Az adatkezel\u00e9s id\u0151tartama:<\/p>\n\n\n\n<ul class=\"wp-block-list\">\n<li>az \u00e9rintett leiratkoz\u00e1s\u00e1ig.<\/li>\n<\/ul>\n\n\n\n<p>Az adatkezel\u00e9s m\u00f3dja:<\/p>\n\n\n\n<ul class=\"wp-block-list\">\n<li>elektronikusan, biztons\u00e1gos h\u00edrlev\u00e9lk\u00fcld\u0151 rendszeren kereszt\u00fcl.<\/li>\n<\/ul>\n\n\n\n<p>A h\u00edrlev\u00e9lk\u00fcld\u0151 rendszer szolg\u00e1ltat\u00f3ja:<\/p>\n\n\n\n<ul class=\"wp-block-list\">\n<li><strong>MailerLite Limited<\/strong><br>(EU-s adatkezel\u00e9s, GDPR-kompatibilis szolg\u00e1ltat\u00f3)<\/li>\n<\/ul>\n\n\n\n<p>Az e-mail c\u00edmek <strong>nem ker\u00fclnek harmadik f\u00e9l r\u00e9sz\u00e9re \u00e1tad\u00e1sra<\/strong>, kiz\u00e1r\u00f3lag a h\u00edrlev\u00e9lk\u00fcld\u00e9s c\u00e9lj\u00e1t szolg\u00e1lj\u00e1k.<\/p>\n\n\n\n<p>Leiratkoz\u00e1s:<\/p>\n\n\n\n<ul class=\"wp-block-list\">\n<li>a h\u00edrlev\u00e9l alj\u00e1n tal\u00e1lhat\u00f3 \u201eLeiratkoz\u00e1s\u201d linkre kattintva b\u00e1rmikor, indokl\u00e1s n\u00e9lk\u00fcl lehets\u00e9ges.<\/li>\n<\/ul>\n\n\n\n<p>Az \u00e9rintett jogai:<\/p>\n\n\n\n<ul class=\"wp-block-list\">\n<li>t\u00e1j\u00e9koztat\u00e1st k\u00e9rhet a kezelt szem\u00e9lyes adatokr\u00f3l,<\/li>\n\n\n\n<li>k\u00e9rheti azok helyesb\u00edt\u00e9s\u00e9t vagy t\u00f6rl\u00e9s\u00e9t,<\/li>\n\n\n\n<li>visszavonhatja hozz\u00e1j\u00e1rul\u00e1s\u00e1t,<\/li>\n\n\n\n<li>panaszt tehet a Nemzeti Adatv\u00e9delmi \u00e9s Inform\u00e1ci\u00f3szabads\u00e1g Hat\u00f3s\u00e1gn\u00e1l (NAIH).<\/li>\n<\/ul>\n\n\n\n<p>Adatkezel\u0151:<\/p>\n\n\n\n<p>N\u00e9v: <strong>Szab\u00f3 Anita e.v.<\/strong><\/p>\n\n\n\n<p>E-mail: info@anitakreativstudio.hu<\/p>\n\n\n\n<h2 class=\"wp-block-heading\">Ir\u00e1nyad\u00f3 jog<\/h2>\n\n\n\n<p>Jelen \u00c1SZF-re a magyar jogszab\u00e1lyok vonatkoznak.<\/p>\n","protected":false},"excerpt":{"rendered":"<p>Anita Kreat\u00edv St\u00fadi\u00f3 Weboldal http:\/\/www.anitakreativstudio.hu Hat\u00e1lyos: 2025.09.26. 1. \u00dczemeltet\u0151 adatai C\u00e9gn\u00e9v: Szab\u00f3 Anita (egy\u00e9ni v\u00e1llalkoz\u00f3) Sz\u00e9khely: 1141 Budapest, Szederk\u00e9ny utca [&hellip;]<\/p>\n","protected":false},"author":1,"featured_media":0,"parent":0,"menu_order":0,"comment_status":"closed","ping_status":"open","template":"","meta":{"site-sidebar-layout":"default","site-content-layout":"","ast-site-content-layout":"default","site-content-style":"default","site-sidebar-style":"default","ast-global-header-display":"","ast-banner-title-visibility":"","ast-main-header-display":"","ast-hfb-above-header-display":"","ast-hfb-below-header-display":"","ast-hfb-mobile-header-display":"","site-post-title":"","ast-breadcrumbs-content":"","ast-featured-img":"","footer-sml-layout":"","theme-transparent-header-meta":"","adv-header-id-meta":"","stick-header-meta":"","header-above-stick-meta":"","header-main-stick-meta":"","header-below-stick-meta":"","astra-migrate-meta-layouts":"default","ast-page-background-enabled":"default","ast-page-background-meta":{"desktop":{"background-color":"var(--ast-global-color-5)","background-image":"","background-repeat":"repeat","background-position":"center center","background-size":"auto","background-attachment":"scroll","background-type":"","background-media":"","overlay-type":"","overlay-color":"","overlay-opacity":"","overlay-gradient":""},"tablet":{"background-color":"","background-image":"","background-repeat":"repeat","background-position":"center center","background-size":"auto","background-attachment":"scroll","background-type":"","background-media":"","overlay-type":"","overlay-color":"","overlay-opacity":"","overlay-gradient":""},"mobile":{"background-color":"","background-image":"","background-repeat":"repeat","background-position":"center center","background-size":"auto","background-attachment":"scroll","background-type":"","background-media":"","overlay-type":"","overlay-color":"","overlay-opacity":"","overlay-gradient":""}},"ast-content-background-meta":{"desktop":{"background-color":"var(--ast-global-color-4)","background-image":"","background-repeat":"repeat","background-position":"center center","background-size":"auto","background-attachment":"scroll","background-type":"","background-media":"","overlay-type":"","overlay-color":"","overlay-opacity":"","overlay-gradient":""},"tablet":{"background-color":"var(--ast-global-color-4)","background-image":"","background-repeat":"repeat","background-position":"center center","background-size":"auto","background-attachment":"scroll","background-type":"","background-media":"","overlay-type":"","overlay-color":"","overlay-opacity":"","overlay-gradient":""},"mobile":{"background-color":"var(--ast-global-color-4)","background-image":"","background-repeat":"repeat","background-position":"center center","background-size":"auto","background-attachment":"scroll","background-type":"","background-media":"","overlay-type":"","overlay-color":"","overlay-opacity":"","overlay-gradient":""}},"_vp_format_video_url":"","_vp_image_focal_point":[],"footnotes":""},"class_list":["post-3","page","type-page","status-publish","hentry"],"yoast_head":"<!-- This site is optimized with the Yoast SEO plugin v26.0 - https:\/\/yoast.com\/wordpress\/plugins\/seo\/ -->\n<title>\u00c1ltal\u00e1nos Szerz\u0151d\u00e9si Felt\u00e9telek - Anita Kreat\u00edv St\u00fadi\u00f3<\/title>\n<meta name=\"robots\" content=\"index, follow, max-snippet:-1, max-image-preview:large, max-video-preview:-1\" \/>\n<link rel=\"canonical\" href=\"https:\/\/www.anitakreativstudio.hu\/?page_id=3\" \/>\n<meta property=\"og:locale\" content=\"hu_HU\" \/>\n<meta property=\"og:type\" content=\"article\" \/>\n<meta property=\"og:title\" content=\"\u00c1ltal\u00e1nos Szerz\u0151d\u00e9si Felt\u00e9telek - Anita Kreat\u00edv St\u00fadi\u00f3\" \/>\n<meta property=\"og:description\" content=\"Anita Kreat\u00edv St\u00fadi\u00f3 Weboldal http:\/\/www.anitakreativstudio.hu Hat\u00e1lyos: 2025.09.26. 1. \u00dczemeltet\u0151 adatai C\u00e9gn\u00e9v: Szab\u00f3 Anita (egy\u00e9ni v\u00e1llalkoz\u00f3) Sz\u00e9khely: 1141 Budapest, Szederk\u00e9ny utca [&hellip;]\" \/>\n<meta property=\"og:url\" content=\"https:\/\/www.anitakreativstudio.hu\/?page_id=3\" \/>\n<meta property=\"og:site_name\" content=\"Anita Kreat\u00edv St\u00fadi\u00f3\" \/>\n<meta property=\"article:modified_time\" content=\"2025-12-30T09:17:11+00:00\" \/>\n<meta name=\"twitter:card\" content=\"summary_large_image\" \/>\n<meta name=\"twitter:label1\" content=\"Becs\u00fclt olvas\u00e1si id\u0151\" \/>\n\t<meta name=\"twitter:data1\" content=\"3 perc\" \/>\n<script type=\"application\/ld+json\" class=\"yoast-schema-graph\">{\"@context\":\"https:\/\/schema.org\",\"@graph\":[{\"@type\":\"WebPage\",\"@id\":\"https:\/\/www.anitakreativstudio.hu\/?page_id=3\",\"url\":\"https:\/\/www.anitakreativstudio.hu\/?page_id=3\",\"name\":\"\u00c1ltal\u00e1nos Szerz\u0151d\u00e9si Felt\u00e9telek - Anita Kreat\u00edv St\u00fadi\u00f3\",\"isPartOf\":{\"@id\":\"https:\/\/www.anitakreativstudio.hu\/#website\"},\"datePublished\":\"2025-09-22T18:29:53+00:00\",\"dateModified\":\"2025-12-30T09:17:11+00:00\",\"breadcrumb\":{\"@id\":\"https:\/\/www.anitakreativstudio.hu\/?page_id=3#breadcrumb\"},\"inLanguage\":\"hu\",\"potentialAction\":[{\"@type\":\"ReadAction\",\"target\":[\"https:\/\/www.anitakreativstudio.hu\/?page_id=3\"]}]},{\"@type\":\"BreadcrumbList\",\"@id\":\"https:\/\/www.anitakreativstudio.hu\/?page_id=3#breadcrumb\",\"itemListElement\":[{\"@type\":\"ListItem\",\"position\":1,\"name\":\"Kezd\u0151lap\",\"item\":\"https:\/\/www.anitakreativstudio.hu\/\"},{\"@type\":\"ListItem\",\"position\":2,\"name\":\"\u00c1ltal\u00e1nos Szerz\u0151d\u00e9si Felt\u00e9telek\"}]},{\"@type\":\"WebSite\",\"@id\":\"https:\/\/www.anitakreativstudio.hu\/#website\",\"url\":\"https:\/\/www.anitakreativstudio.hu\/\",\"name\":\"Anita Kreat\u00edv St\u00fadi\u00f3\",\"description\":\"\u00c9lm\u00e9nyfest\u00e9s Zugl\u00f3ban - alkot\u00e1s, kikapcsol\u00f3d\u00e1s, k\u00f6z\u00f6ss\u00e9g\",\"publisher\":{\"@id\":\"https:\/\/www.anitakreativstudio.hu\/#organization\"},\"potentialAction\":[{\"@type\":\"SearchAction\",\"target\":{\"@type\":\"EntryPoint\",\"urlTemplate\":\"https:\/\/www.anitakreativstudio.hu\/?s={search_term_string}\"},\"query-input\":{\"@type\":\"PropertyValueSpecification\",\"valueRequired\":true,\"valueName\":\"search_term_string\"}}],\"inLanguage\":\"hu\"},{\"@type\":\"Organization\",\"@id\":\"https:\/\/www.anitakreativstudio.hu\/#organization\",\"name\":\"Anita Kreat\u00edv St\u00fadi\u00f3\",\"url\":\"https:\/\/www.anitakreativstudio.hu\/\",\"logo\":{\"@type\":\"ImageObject\",\"inLanguage\":\"hu\",\"@id\":\"https:\/\/www.anitakreativstudio.hu\/#\/schema\/logo\/image\/\",\"url\":\"https:\/\/www.anitakreativstudio.hu\/wp-content\/uploads\/2025\/09\/cropped-cropped-Anita-masolata.png\",\"contentUrl\":\"https:\/\/www.anitakreativstudio.hu\/wp-content\/uploads\/2025\/09\/cropped-cropped-Anita-masolata.png\",\"width\":512,\"height\":512,\"caption\":\"Anita Kreat\u00edv St\u00fadi\u00f3\"},\"image\":{\"@id\":\"https:\/\/www.anitakreativstudio.hu\/#\/schema\/logo\/image\/\"}}]}<\/script>\n<!-- \/ Yoast SEO plugin. -->","yoast_head_json":{"title":"\u00c1ltal\u00e1nos Szerz\u0151d\u00e9si Felt\u00e9telek - Anita Kreat\u00edv St\u00fadi\u00f3","robots":{"index":"index","follow":"follow","max-snippet":"max-snippet:-1","max-image-preview":"max-image-preview:large","max-video-preview":"max-video-preview:-1"},"canonical":"https:\/\/www.anitakreativstudio.hu\/?page_id=3","og_locale":"hu_HU","og_type":"article","og_title":"\u00c1ltal\u00e1nos Szerz\u0151d\u00e9si Felt\u00e9telek - Anita Kreat\u00edv St\u00fadi\u00f3","og_description":"Anita Kreat\u00edv St\u00fadi\u00f3 Weboldal http:\/\/www.anitakreativstudio.hu Hat\u00e1lyos: 2025.09.26. 1. \u00dczemeltet\u0151 adatai C\u00e9gn\u00e9v: Szab\u00f3 Anita (egy\u00e9ni v\u00e1llalkoz\u00f3) Sz\u00e9khely: 1141 Budapest, Szederk\u00e9ny utca [&hellip;]","og_url":"https:\/\/www.anitakreativstudio.hu\/?page_id=3","og_site_name":"Anita Kreat\u00edv St\u00fadi\u00f3","article_modified_time":"2025-12-30T09:17:11+00:00","twitter_card":"summary_large_image","twitter_misc":{"Becs\u00fclt olvas\u00e1si id\u0151":"3 perc"},"schema":{"@context":"https:\/\/schema.org","@graph":[{"@type":"WebPage","@id":"https:\/\/www.anitakreativstudio.hu\/?page_id=3","url":"https:\/\/www.anitakreativstudio.hu\/?page_id=3","name":"\u00c1ltal\u00e1nos Szerz\u0151d\u00e9si Felt\u00e9telek - Anita Kreat\u00edv St\u00fadi\u00f3","isPartOf":{"@id":"https:\/\/www.anitakreativstudio.hu\/#website"},"datePublished":"2025-09-22T18:29:53+00:00","dateModified":"2025-12-30T09:17:11+00:00","breadcrumb":{"@id":"https:\/\/www.anitakreativstudio.hu\/?page_id=3#breadcrumb"},"inLanguage":"hu","potentialAction":[{"@type":"ReadAction","target":["https:\/\/www.anitakreativstudio.hu\/?page_id=3"]}]},{"@type":"BreadcrumbList","@id":"https:\/\/www.anitakreativstudio.hu\/?page_id=3#breadcrumb","itemListElement":[{"@type":"ListItem","position":1,"name":"Kezd\u0151lap","item":"https:\/\/www.anitakreativstudio.hu\/"},{"@type":"ListItem","position":2,"name":"\u00c1ltal\u00e1nos Szerz\u0151d\u00e9si Felt\u00e9telek"}]},{"@type":"WebSite","@id":"https:\/\/www.anitakreativstudio.hu\/#website","url":"https:\/\/www.anitakreativstudio.hu\/","name":"Anita Kreat\u00edv St\u00fadi\u00f3","description":"\u00c9lm\u00e9nyfest\u00e9s Zugl\u00f3ban - alkot\u00e1s, kikapcsol\u00f3d\u00e1s, k\u00f6z\u00f6ss\u00e9g","publisher":{"@id":"https:\/\/www.anitakreativstudio.hu\/#organization"},"potentialAction":[{"@type":"SearchAction","target":{"@type":"EntryPoint","urlTemplate":"https:\/\/www.anitakreativstudio.hu\/?s={search_term_string}"},"query-input":{"@type":"PropertyValueSpecification","valueRequired":true,"valueName":"search_term_string"}}],"inLanguage":"hu"},{"@type":"Organization","@id":"https:\/\/www.anitakreativstudio.hu\/#organization","name":"Anita Kreat\u00edv St\u00fadi\u00f3","url":"https:\/\/www.anitakreativstudio.hu\/","logo":{"@type":"ImageObject","inLanguage":"hu","@id":"https:\/\/www.anitakreativstudio.hu\/#\/schema\/logo\/image\/","url":"https:\/\/www.anitakreativstudio.hu\/wp-content\/uploads\/2025\/09\/cropped-cropped-Anita-masolata.png","contentUrl":"https:\/\/www.anitakreativstudio.hu\/wp-content\/uploads\/2025\/09\/cropped-cropped-Anita-masolata.png","width":512,"height":512,"caption":"Anita Kreat\u00edv St\u00fadi\u00f3"},"image":{"@id":"https:\/\/www.anitakreativstudio.hu\/#\/schema\/logo\/image\/"}}]}},"jetpack_likes_enabled":true,"jetpack_sharing_enabled":true,"_links":{"self":[{"href":"https:\/\/www.anitakreativstudio.hu\/index.php?rest_route=\/wp\/v2\/pages\/3","targetHints":{"allow":["GET"]}}],"collection":[{"href":"https:\/\/www.anitakreativstudio.hu\/index.php?rest_route=\/wp\/v2\/pages"}],"about":[{"href":"https:\/\/www.anitakreativstudio.hu\/index.php?rest_route=\/wp\/v2\/types\/page"}],"author":[{"embeddable":true,"href":"https:\/\/www.anitakreativstudio.hu\/index.php?rest_route=\/wp\/v2\/users\/1"}],"replies":[{"embeddable":true,"href":"https:\/\/www.anitakreativstudio.hu\/index.php?rest_route=%2Fwp%2Fv2%2Fcomments&post=3"}],"version-history":[{"count":2,"href":"https:\/\/www.anitakreativstudio.hu\/index.php?rest_route=\/wp\/v2\/pages\/3\/revisions"}],"predecessor-version":[{"id":340,"href":"https:\/\/www.anitakreativstudio.hu\/index.php?rest_route=\/wp\/v2\/pages\/3\/revisions\/340"}],"wp:attachment":[{"href":"https:\/\/www.anitakreativstudio.hu\/index.php?rest_route=%2Fwp%2Fv2%2Fmedia&parent=3"}],"curies":[{"name":"wp","href":"https:\/\/api.w.org\/{rel}","templated":true}]}}