{"id":472,"date":"2026-03-31T15:02:37","date_gmt":"2026-03-31T15:02:37","guid":{"rendered":"https:\/\/www.anitakreativstudio.hu\/?page_id=472"},"modified":"2026-03-31T15:02:38","modified_gmt":"2026-03-31T15:02:38","slug":"szuletesnapi-festoest-2","status":"publish","type":"page","link":"https:\/\/www.anitakreativstudio.hu\/?page_id=472","title":{"rendered":"Sz\u00fclet\u00e9snapi fest\u0151est"},"content":{"rendered":"\n<p>T\u00f6ltsd az \u00fcnnepelt sz\u00fclet\u00e9snapj\u00e1t egy felejthetetlen <strong>sz\u00fclet\u00e9snapi \u00e9lm\u00e9nyfest\u00e9ssel<\/strong>! Vezetett, 3 \u00f3r\u00e1s <strong>sz\u00fclinapi fest\u0151est<\/strong> bar\u00e1tokkal, ahol mindenki hazaviheti a saj\u00e1t, egyedi festm\u00e9ny\u00e9t. Ez a feln\u0151tteknek sz\u00f3l\u00f3 program t\u00f6k\u00e9letes v\u00e1laszt\u00e1s, ha eml\u00e9kezetes, kreat\u00edv \u00fcnnepet szeretn\u00e9tek Budapesten.<\/p>\n\n\n\n<p>Szervezz\u00e9tek meg a t\u00f6k\u00e9letes sz\u00fclinapi party-t egy bar\u00e1ti, kis l\u00e9tsz\u00e1m\u00fa priv\u00e1t buli keret\u00e9ben Zugl\u00f3ban (R\u00e1kosszentmih\u00e1ly sz\u00e9l\u00e9n)! Az esem\u00e9nyhez t\u00f6bb v\u00e1laszthat\u00f3 opci\u00f3, p\u00e9ld\u00e1ul pezsg\u0151 is j\u00e1r, \u00edgy minden adott a hangulatos \u00e9s eml\u00e9kezetes \u00fcnnepl\u00e9shez. A helysz\u00edn ide\u00e1lis feln\u0151tteknek, akik szeretn\u00e9k a bar\u00e1tokkal egy\u00fctt \u00e9lvezni a kreat\u00edv programot \u00e9s a k\u00fcl\u00f6nleges sz\u00fclinapi \u00e9lm\u00e9nyt egy priv\u00e1t k\u00f6rnyezetben.<\/p>\n\n\n\n<p><strong>Mi v\u00e1r r\u00e1d a Sz\u00fclet\u00e9snapi Fest\u0151esten?<\/strong><\/p>\n\n\n\n<ul class=\"wp-block-list\">\n<li>3 \u00f3ra vezetett \u00e9lm\u00e9nyfest\u00e9s + 30 perc sz\u00fcnet (torta \u00e9s koccint\u00e1s)<\/li>\n\n\n\n<li>Maximum 4\u20136 f\u0151 r\u00e9sz\u00e9re \u2013 ide\u00e1lis bar\u00e1ti t\u00e1rsas\u00e1goknak<\/li>\n\n\n\n<li>Bor, pezsg\u0151 vagy alkoholmentes pezsg\u0151 az \u00e1rban<\/li>\n\n\n\n<li>Saj\u00e1t torta hozhat\u00f3 (Van lehet\u0151s\u00e9g h\u0171t\u0151ben t\u00e1rol\u00e1sra. Eszk\u00f6z\u00f6ket biztos\u00edtok az \u00e9tkez\u00e9shez)<\/li>\n\n\n\n<li>Festm\u00e9ny-meg\u0151rz\u00e9s: a k\u00e9pek p\u00e1r napig n\u00e1lam maradhatnak, ha ig\u00e9ny van r\u00e1<\/li>\n\n\n\n<li>Nem kell el\u0151k\u00e9sz\u00fclet, sem fest\u00e9si tapasztalat \u2013 csak \u00e9lm\u00e9ny \u00e9s alkot\u00e1s<\/li>\n<\/ul>\n\n\n\n<p>Ez a sz\u00fclet\u00e9snapi \u00e9lm\u00e9nyfest\u00e9s nem csak egy program \u2013 igazi eml\u00e9k, amit minden r\u00e9sztvev\u0151 mag\u00e1val vihet, \u00e9s hossz\u00fa t\u00e1von eml\u00e9keztet a k\u00f6z\u00f6s pillanatokra.<\/p>\n\n\n\n<p><strong>\u00c1rak:<\/strong><\/p>\n\n\n\n<ul class=\"wp-block-list\">\n<li>4 f\u0151ig: 65.000 Ft<\/li>\n\n\n\n<li>Minden tov\u00e1bbi f\u0151: +15.000 Ft<\/li>\n\n\n\n<li>Maximum: 6 f\u0151<\/li>\n<\/ul>\n\n\n\n<p>Mi\u00e9rt \u00e9rdemes sz\u00fclet\u00e9snapi fest\u0151estet v\u00e1lasztani?<br>Ez a kreat\u00edv sz\u00fclinapi \u00e9lm\u00e9ny ide\u00e1lis azoknak, akik nem akarnak hagyom\u00e1nyos vacsor\u00e1t vagy unalmas aj\u00e1nd\u00e9kot.<\/p>\n\n\n\n<ul class=\"wp-block-list\">\n<li>Stresszmentes, minden eszk\u00f6z biztos\u00edtott<\/li>\n\n\n\n<li>Hangulatos, bar\u00e1ti \u00e9s fotog\u00e9n \u00e9lm\u00e9ny<\/li>\n\n\n\n<li>Maradand\u00f3 eml\u00e9k minden r\u00e9sztvev\u0151nek<\/li>\n<\/ul>\n\n\n\n<p>Id\u0151pont: Telefonos egyeztet\u00e9s sor\u00e1n tudunk napot \u00e9s id\u0151pontot kiv\u00e1lasztani.<\/p>\n\n\n\n<p>Foglal\u00e1s telefonon: +36204736480 <br>Ha \u00e9ppen nem tudom felvenni, r\u00f6vid id\u0151n bel\u00fcl visszah\u00edvlak. Foglalj\u00e1tok le most ezt a kreat\u00edv sz\u00fclinapi \u00e9lm\u00e9nyt, \u00e9s tegy\u00e9tek k\u00fcl\u00f6nlegess\u00e9 az \u00fcnnepet!<\/p>\n","protected":false},"excerpt":{"rendered":"<p>T\u00f6ltsd az \u00fcnnepelt sz\u00fclet\u00e9snapj\u00e1t egy felejthetetlen sz\u00fclet\u00e9snapi \u00e9lm\u00e9nyfest\u00e9ssel! Vezetett, 3 \u00f3r\u00e1s sz\u00fclinapi fest\u0151est bar\u00e1tokkal, ahol mindenki hazaviheti a saj\u00e1t, egyedi [&hellip;]<\/p>\n","protected":false},"author":1,"featured_media":0,"parent":12,"menu_order":0,"comment_status":"closed","ping_status":"closed","template":"","meta":{"site-sidebar-layout":"default","site-content-layout":"","ast-site-content-layout":"default","site-content-style":"default","site-sidebar-style":"default","ast-global-header-display":"","ast-banner-title-visibility":"","ast-main-header-display":"","ast-hfb-above-header-display":"","ast-hfb-below-header-display":"","ast-hfb-mobile-header-display":"","site-post-title":"","ast-breadcrumbs-content":"","ast-featured-img":"","footer-sml-layout":"","ast-disable-related-posts":"","theme-transparent-header-meta":"","adv-header-id-meta":"","stick-header-meta":"","header-above-stick-meta":"","header-main-stick-meta":"","header-below-stick-meta":"","astra-migrate-meta-layouts":"default","ast-page-background-enabled":"default","ast-page-background-meta":{"desktop":{"background-color":"var(--ast-global-color-5)","background-image":"","background-repeat":"repeat","background-position":"center center","background-size":"auto","background-attachment":"scroll","background-type":"","background-media":"","overlay-type":"","overlay-color":"","overlay-opacity":"","overlay-gradient":""},"tablet":{"background-color":"","background-image":"","background-repeat":"repeat","background-position":"center center","background-size":"auto","background-attachment":"scroll","background-type":"","background-media":"","overlay-type":"","overlay-color":"","overlay-opacity":"","overlay-gradient":""},"mobile":{"background-color":"","background-image":"","background-repeat":"repeat","background-position":"center center","background-size":"auto","background-attachment":"scroll","background-type":"","background-media":"","overlay-type":"","overlay-color":"","overlay-opacity":"","overlay-gradient":""}},"ast-content-background-meta":{"desktop":{"background-color":"var(--ast-global-color-4)","background-image":"","background-repeat":"repeat","background-position":"center center","background-size":"auto","background-attachment":"scroll","background-type":"","background-media":"","overlay-type":"","overlay-color":"","overlay-opacity":"","overlay-gradient":""},"tablet":{"background-color":"var(--ast-global-color-4)","background-image":"","background-repeat":"repeat","background-position":"center center","background-size":"auto","background-attachment":"scroll","background-type":"","background-media":"","overlay-type":"","overlay-color":"","overlay-opacity":"","overlay-gradient":""},"mobile":{"background-color":"var(--ast-global-color-4)","background-image":"","background-repeat":"repeat","background-position":"center center","background-size":"auto","background-attachment":"scroll","background-type":"","background-media":"","overlay-type":"","overlay-color":"","overlay-opacity":"","overlay-gradient":""}},"_vp_format_video_url":"","_vp_image_focal_point":[],"footnotes":""},"class_list":["post-472","page","type-page","status-publish","hentry"],"yoast_head":"<!-- This site is optimized with the Yoast SEO plugin v26.0 - https:\/\/yoast.com\/wordpress\/plugins\/seo\/ -->\n<title>Sz\u00fclet\u00e9snapi fest\u0151est - Anita Kreat\u00edv St\u00fadi\u00f3<\/title>\n<meta name=\"robots\" content=\"index, follow, max-snippet:-1, max-image-preview:large, max-video-preview:-1\" \/>\n<link rel=\"canonical\" href=\"https:\/\/www.anitakreativstudio.hu\/?page_id=472\" \/>\n<meta property=\"og:locale\" content=\"hu_HU\" \/>\n<meta property=\"og:type\" content=\"article\" \/>\n<meta property=\"og:title\" content=\"Sz\u00fclet\u00e9snapi fest\u0151est - Anita Kreat\u00edv St\u00fadi\u00f3\" \/>\n<meta property=\"og:description\" content=\"T\u00f6ltsd az \u00fcnnepelt sz\u00fclet\u00e9snapj\u00e1t egy felejthetetlen sz\u00fclet\u00e9snapi \u00e9lm\u00e9nyfest\u00e9ssel! Vezetett, 3 \u00f3r\u00e1s sz\u00fclinapi fest\u0151est bar\u00e1tokkal, ahol mindenki hazaviheti a saj\u00e1t, egyedi [&hellip;]\" \/>\n<meta property=\"og:url\" content=\"https:\/\/www.anitakreativstudio.hu\/?page_id=472\" \/>\n<meta property=\"og:site_name\" content=\"Anita Kreat\u00edv St\u00fadi\u00f3\" \/>\n<meta property=\"article:modified_time\" content=\"2026-03-31T15:02:38+00:00\" \/>\n<meta name=\"twitter:card\" content=\"summary_large_image\" \/>\n<meta name=\"twitter:label1\" content=\"Becs\u00fclt olvas\u00e1si id\u0151\" \/>\n\t<meta name=\"twitter:data1\" content=\"2 perc\" \/>\n<script type=\"application\/ld+json\" class=\"yoast-schema-graph\">{\"@context\":\"https:\/\/schema.org\",\"@graph\":[{\"@type\":\"WebPage\",\"@id\":\"https:\/\/www.anitakreativstudio.hu\/?page_id=472\",\"url\":\"https:\/\/www.anitakreativstudio.hu\/?page_id=472\",\"name\":\"Sz\u00fclet\u00e9snapi fest\u0151est - Anita Kreat\u00edv St\u00fadi\u00f3\",\"isPartOf\":{\"@id\":\"http:\/\/www.anitakreativstudio.hu\/#website\"},\"datePublished\":\"2026-03-31T15:02:37+00:00\",\"dateModified\":\"2026-03-31T15:02:38+00:00\",\"breadcrumb\":{\"@id\":\"https:\/\/www.anitakreativstudio.hu\/?page_id=472#breadcrumb\"},\"inLanguage\":\"hu\",\"potentialAction\":[{\"@type\":\"ReadAction\",\"target\":[\"https:\/\/www.anitakreativstudio.hu\/?page_id=472\"]}]},{\"@type\":\"BreadcrumbList\",\"@id\":\"https:\/\/www.anitakreativstudio.hu\/?page_id=472#breadcrumb\",\"itemListElement\":[{\"@type\":\"ListItem\",\"position\":1,\"name\":\"Kezd\u0151lap\",\"item\":\"http:\/\/www.anitakreativstudio.hu\/\"},{\"@type\":\"ListItem\",\"position\":2,\"name\":\"Kezd\u0151oldal\",\"item\":\"http:\/\/www.anitakreativstudio.hu\/\"},{\"@type\":\"ListItem\",\"position\":3,\"name\":\"Sz\u00fclet\u00e9snapi fest\u0151est\"}]},{\"@type\":\"WebSite\",\"@id\":\"http:\/\/www.anitakreativstudio.hu\/#website\",\"url\":\"http:\/\/www.anitakreativstudio.hu\/\",\"name\":\"Anita Kreat\u00edv St\u00fadi\u00f3\",\"description\":\"\u00c9lm\u00e9nyfest\u00e9s Zugl\u00f3ban - alkot\u00e1s, kikapcsol\u00f3d\u00e1s, k\u00f6z\u00f6ss\u00e9g\",\"publisher\":{\"@id\":\"http:\/\/www.anitakreativstudio.hu\/#organization\"},\"potentialAction\":[{\"@type\":\"SearchAction\",\"target\":{\"@type\":\"EntryPoint\",\"urlTemplate\":\"http:\/\/www.anitakreativstudio.hu\/?s={search_term_string}\"},\"query-input\":{\"@type\":\"PropertyValueSpecification\",\"valueRequired\":true,\"valueName\":\"search_term_string\"}}],\"inLanguage\":\"hu\"},{\"@type\":\"Organization\",\"@id\":\"http:\/\/www.anitakreativstudio.hu\/#organization\",\"name\":\"Anita Kreat\u00edv St\u00fadi\u00f3\",\"url\":\"http:\/\/www.anitakreativstudio.hu\/\",\"logo\":{\"@type\":\"ImageObject\",\"inLanguage\":\"hu\",\"@id\":\"http:\/\/www.anitakreativstudio.hu\/#\/schema\/logo\/image\/\",\"url\":\"https:\/\/www.anitakreativstudio.hu\/wp-content\/uploads\/2025\/09\/cropped-cropped-Anita-masolata.png\",\"contentUrl\":\"https:\/\/www.anitakreativstudio.hu\/wp-content\/uploads\/2025\/09\/cropped-cropped-Anita-masolata.png\",\"width\":512,\"height\":512,\"caption\":\"Anita Kreat\u00edv St\u00fadi\u00f3\"},\"image\":{\"@id\":\"http:\/\/www.anitakreativstudio.hu\/#\/schema\/logo\/image\/\"}}]}<\/script>\n<!-- \/ Yoast SEO plugin. -->","yoast_head_json":{"title":"Sz\u00fclet\u00e9snapi fest\u0151est - Anita Kreat\u00edv St\u00fadi\u00f3","robots":{"index":"index","follow":"follow","max-snippet":"max-snippet:-1","max-image-preview":"max-image-preview:large","max-video-preview":"max-video-preview:-1"},"canonical":"https:\/\/www.anitakreativstudio.hu\/?page_id=472","og_locale":"hu_HU","og_type":"article","og_title":"Sz\u00fclet\u00e9snapi fest\u0151est - Anita Kreat\u00edv St\u00fadi\u00f3","og_description":"T\u00f6ltsd az \u00fcnnepelt sz\u00fclet\u00e9snapj\u00e1t egy felejthetetlen sz\u00fclet\u00e9snapi \u00e9lm\u00e9nyfest\u00e9ssel! Vezetett, 3 \u00f3r\u00e1s sz\u00fclinapi fest\u0151est bar\u00e1tokkal, ahol mindenki hazaviheti a saj\u00e1t, egyedi [&hellip;]","og_url":"https:\/\/www.anitakreativstudio.hu\/?page_id=472","og_site_name":"Anita Kreat\u00edv St\u00fadi\u00f3","article_modified_time":"2026-03-31T15:02:38+00:00","twitter_card":"summary_large_image","twitter_misc":{"Becs\u00fclt olvas\u00e1si id\u0151":"2 perc"},"schema":{"@context":"https:\/\/schema.org","@graph":[{"@type":"WebPage","@id":"https:\/\/www.anitakreativstudio.hu\/?page_id=472","url":"https:\/\/www.anitakreativstudio.hu\/?page_id=472","name":"Sz\u00fclet\u00e9snapi fest\u0151est - Anita Kreat\u00edv St\u00fadi\u00f3","isPartOf":{"@id":"http:\/\/www.anitakreativstudio.hu\/#website"},"datePublished":"2026-03-31T15:02:37+00:00","dateModified":"2026-03-31T15:02:38+00:00","breadcrumb":{"@id":"https:\/\/www.anitakreativstudio.hu\/?page_id=472#breadcrumb"},"inLanguage":"hu","potentialAction":[{"@type":"ReadAction","target":["https:\/\/www.anitakreativstudio.hu\/?page_id=472"]}]},{"@type":"BreadcrumbList","@id":"https:\/\/www.anitakreativstudio.hu\/?page_id=472#breadcrumb","itemListElement":[{"@type":"ListItem","position":1,"name":"Kezd\u0151lap","item":"http:\/\/www.anitakreativstudio.hu\/"},{"@type":"ListItem","position":2,"name":"Kezd\u0151oldal","item":"http:\/\/www.anitakreativstudio.hu\/"},{"@type":"ListItem","position":3,"name":"Sz\u00fclet\u00e9snapi fest\u0151est"}]},{"@type":"WebSite","@id":"http:\/\/www.anitakreativstudio.hu\/#website","url":"http:\/\/www.anitakreativstudio.hu\/","name":"Anita Kreat\u00edv St\u00fadi\u00f3","description":"\u00c9lm\u00e9nyfest\u00e9s Zugl\u00f3ban - alkot\u00e1s, kikapcsol\u00f3d\u00e1s, k\u00f6z\u00f6ss\u00e9g","publisher":{"@id":"http:\/\/www.anitakreativstudio.hu\/#organization"},"potentialAction":[{"@type":"SearchAction","target":{"@type":"EntryPoint","urlTemplate":"http:\/\/www.anitakreativstudio.hu\/?s={search_term_string}"},"query-input":{"@type":"PropertyValueSpecification","valueRequired":true,"valueName":"search_term_string"}}],"inLanguage":"hu"},{"@type":"Organization","@id":"http:\/\/www.anitakreativstudio.hu\/#organization","name":"Anita Kreat\u00edv St\u00fadi\u00f3","url":"http:\/\/www.anitakreativstudio.hu\/","logo":{"@type":"ImageObject","inLanguage":"hu","@id":"http:\/\/www.anitakreativstudio.hu\/#\/schema\/logo\/image\/","url":"https:\/\/www.anitakreativstudio.hu\/wp-content\/uploads\/2025\/09\/cropped-cropped-Anita-masolata.png","contentUrl":"https:\/\/www.anitakreativstudio.hu\/wp-content\/uploads\/2025\/09\/cropped-cropped-Anita-masolata.png","width":512,"height":512,"caption":"Anita Kreat\u00edv St\u00fadi\u00f3"},"image":{"@id":"http:\/\/www.anitakreativstudio.hu\/#\/schema\/logo\/image\/"}}]}},"jetpack_likes_enabled":true,"jetpack_sharing_enabled":true,"_links":{"self":[{"href":"https:\/\/www.anitakreativstudio.hu\/index.php?rest_route=\/wp\/v2\/pages\/472","targetHints":{"allow":["GET"]}}],"collection":[{"href":"https:\/\/www.anitakreativstudio.hu\/index.php?rest_route=\/wp\/v2\/pages"}],"about":[{"href":"https:\/\/www.anitakreativstudio.hu\/index.php?rest_route=\/wp\/v2\/types\/page"}],"author":[{"embeddable":true,"href":"https:\/\/www.anitakreativstudio.hu\/index.php?rest_route=\/wp\/v2\/users\/1"}],"replies":[{"embeddable":true,"href":"https:\/\/www.anitakreativstudio.hu\/index.php?rest_route=%2Fwp%2Fv2%2Fcomments&post=472"}],"version-history":[{"count":1,"href":"https:\/\/www.anitakreativstudio.hu\/index.php?rest_route=\/wp\/v2\/pages\/472\/revisions"}],"predecessor-version":[{"id":473,"href":"https:\/\/www.anitakreativstudio.hu\/index.php?rest_route=\/wp\/v2\/pages\/472\/revisions\/473"}],"up":[{"embeddable":true,"href":"https:\/\/www.anitakreativstudio.hu\/index.php?rest_route=\/wp\/v2\/pages\/12"}],"wp:attachment":[{"href":"https:\/\/www.anitakreativstudio.hu\/index.php?rest_route=%2Fwp%2Fv2%2Fmedia&parent=472"}],"curies":[{"name":"wp","href":"https:\/\/api.w.org\/{rel}","templated":true}]}}