{"id":58,"date":"2025-09-27T14:25:23","date_gmt":"2025-09-27T14:25:23","guid":{"rendered":"https:\/\/www.anitakreativstudio.hu\/?page_id=58"},"modified":"2025-12-30T09:21:11","modified_gmt":"2025-12-30T09:21:11","slug":"adatkezelesi-tajekoztato","status":"publish","type":"page","link":"https:\/\/www.anitakreativstudio.hu\/?page_id=58","title":{"rendered":"Adatkezel\u00e9si T\u00e1j\u00e9koztat\u00f3"},"content":{"rendered":"\n<p><strong>Anita Kreat\u00edv St\u00fadi\u00f3<\/strong><br>Hat\u00e1lyos: 2025.09.27.<\/p>\n\n\n\n<h3 class=\"wp-block-heading\">1. Az adatkezel\u0151 adatai<\/h3>\n\n\n\n<p>N\u00e9v: Anita Kreat\u00edv St\u00fadi\u00f3 (egy\u00e9ni v\u00e1llalkoz\u00f3)<\/p>\n\n\n\n<p>Sz\u00e9khely: 1141 Budapest, Szederk\u00e9ny utca 11<\/p>\n\n\n\n<p>E-mail: info@anitakreativstudio.hu<\/p>\n\n\n\n<p>Telefonsz\u00e1m: 06-20-473-6480<\/p>\n\n\n\n<h3 class=\"wp-block-heading\">2. Az adatkezel\u00e9s c\u00e9lja<\/h3>\n\n\n\n<p>Az adatkezel\u00e9s c\u00e9lja a felhaszn\u00e1l\u00f3k t\u00e1j\u00e9koztat\u00e1sa az Anita Kreat\u00edv St\u00fadi\u00f3 szolg\u00e1ltat\u00e1sair\u00f3l, esem\u00e9nyeir\u0151l, akci\u00f3ir\u00f3l h\u00edrlev\u00e9l \u00fatj\u00e1n.<\/p>\n\n\n\n<h3 class=\"wp-block-heading\">3. Kezelt adatok k\u00f6re<\/h3>\n\n\n\n<ul class=\"wp-block-list\">\n<li>N\u00e9v (opcion\u00e1lis)<\/li>\n\n\n\n<li>E-mail c\u00edm<\/li>\n<\/ul>\n\n\n\n<h3 class=\"wp-block-heading\">4. Az adatkezel\u00e9s jogalapja<\/h3>\n\n\n\n<p>A felhaszn\u00e1l\u00f3 <strong>\u00f6nk\u00e9ntes hozz\u00e1j\u00e1rul\u00e1sa<\/strong> (GDPR 6. cikk (1) a) pont).<\/p>\n\n\n\n<h3 class=\"wp-block-heading\">5. Az adatok meg\u0151rz\u00e9si ideje<\/h3>\n\n\n\n<ul class=\"wp-block-list\">\n<li>A felhaszn\u00e1l\u00f3 adatai a hozz\u00e1j\u00e1rul\u00e1s visszavon\u00e1s\u00e1ig (leiratkoz\u00e1sig) ker\u00fclnek meg\u0151rz\u00e9sre.<\/li>\n\n\n\n<li>Leiratkoz\u00e1s ut\u00e1n az adatokat az \u00fczemeltet\u0151 30 napon bel\u00fcl t\u00f6rli.<\/li>\n<\/ul>\n\n\n\n<h3 class=\"wp-block-heading\">6. Adattov\u00e1bb\u00edt\u00e1s \u00e9s adatfeldolgoz\u00f3k<\/h3>\n\n\n\n<ul class=\"wp-block-list\">\n<li>Az adatokat harmadik f\u00e9lnek az \u00fczemeltet\u0151 nem adja \u00e1t.<\/li>\n\n\n\n<li>A h\u00edrlevelek kik\u00fcld\u00e9s\u00e9hez ig\u00e9nybe vett szolg\u00e1ltat\u00f3 ( <strong>MailerLite<\/strong>) adatfeldolgoz\u00f3nak min\u0151s\u00fcl.<\/li>\n<\/ul>\n\n\n\n<h3 class=\"wp-block-heading\">7. Az \u00e9rintettek jogai<\/h3>\n\n\n\n<p>A felhaszn\u00e1l\u00f3 b\u00e1rmikor jogosult:<\/p>\n\n\n\n<ul class=\"wp-block-list\">\n<li>t\u00e1j\u00e9koztat\u00e1st k\u00e9rni szem\u00e9lyes adatai kezel\u00e9s\u00e9r\u0151l,<\/li>\n\n\n\n<li>k\u00e9rni az adatok helyesb\u00edt\u00e9s\u00e9t, t\u00f6rl\u00e9s\u00e9t, kezel\u00e9s\u00e9nek korl\u00e1toz\u00e1s\u00e1t,<\/li>\n\n\n\n<li>tiltakozni az adatai kezel\u00e9se ellen,<\/li>\n\n\n\n<li>hozz\u00e1j\u00e1rul\u00e1s\u00e1t b\u00e1rmikor visszavonni,<\/li>\n\n\n\n<li>panaszt tenni a <strong>Nemzeti Adatv\u00e9delmi \u00e9s Inform\u00e1ci\u00f3szabads\u00e1g Hat\u00f3s\u00e1gn\u00e1l (NAIH)<\/strong>.<\/li>\n<\/ul>\n\n\n\n<h3 class=\"wp-block-heading\">8. Leiratkoz\u00e1s<\/h3>\n\n\n\n<ul class=\"wp-block-list\">\n<li>A h\u00edrlev\u00e9lr\u0151l a felhaszn\u00e1l\u00f3 b\u00e1rmikor leiratkozhat az e-mail alj\u00e1n tal\u00e1lhat\u00f3 link seg\u00edts\u00e9g\u00e9vel, vagy k\u00f6zvetlen\u00fcl az adatkezel\u0151 e-mail c\u00edm\u00e9re k\u00fcld\u00f6tt \u00fczenettel.<\/li>\n<\/ul>\n","protected":false},"excerpt":{"rendered":"<p>Anita Kreat\u00edv St\u00fadi\u00f3Hat\u00e1lyos: 2025.09.27. 1. Az adatkezel\u0151 adatai N\u00e9v: Anita Kreat\u00edv St\u00fadi\u00f3 (egy\u00e9ni v\u00e1llalkoz\u00f3) Sz\u00e9khely: 1141 Budapest, Szederk\u00e9ny utca 11 [&hellip;]<\/p>\n","protected":false},"author":1,"featured_media":0,"parent":0,"menu_order":0,"comment_status":"closed","ping_status":"closed","template":"","meta":{"site-sidebar-layout":"default","site-content-layout":"","ast-site-content-layout":"default","site-content-style":"default","site-sidebar-style":"default","ast-global-header-display":"","ast-banner-title-visibility":"","ast-main-header-display":"","ast-hfb-above-header-display":"","ast-hfb-below-header-display":"","ast-hfb-mobile-header-display":"","site-post-title":"","ast-breadcrumbs-content":"","ast-featured-img":"","footer-sml-layout":"","ast-disable-related-posts":"","theme-transparent-header-meta":"","adv-header-id-meta":"","stick-header-meta":"","header-above-stick-meta":"","header-main-stick-meta":"","header-below-stick-meta":"","astra-migrate-meta-layouts":"default","ast-page-background-enabled":"default","ast-page-background-meta":{"desktop":{"background-color":"var(--ast-global-color-5)","background-image":"","background-repeat":"repeat","background-position":"center center","background-size":"auto","background-attachment":"scroll","background-type":"","background-media":"","overlay-type":"","overlay-color":"","overlay-opacity":"","overlay-gradient":""},"tablet":{"background-color":"","background-image":"","background-repeat":"repeat","background-position":"center center","background-size":"auto","background-attachment":"scroll","background-type":"","background-media":"","overlay-type":"","overlay-color":"","overlay-opacity":"","overlay-gradient":""},"mobile":{"background-color":"","background-image":"","background-repeat":"repeat","background-position":"center center","background-size":"auto","background-attachment":"scroll","background-type":"","background-media":"","overlay-type":"","overlay-color":"","overlay-opacity":"","overlay-gradient":""}},"ast-content-background-meta":{"desktop":{"background-color":"var(--ast-global-color-4)","background-image":"","background-repeat":"repeat","background-position":"center center","background-size":"auto","background-attachment":"scroll","background-type":"","background-media":"","overlay-type":"","overlay-color":"","overlay-opacity":"","overlay-gradient":""},"tablet":{"background-color":"var(--ast-global-color-4)","background-image":"","background-repeat":"repeat","background-position":"center center","background-size":"auto","background-attachment":"scroll","background-type":"","background-media":"","overlay-type":"","overlay-color":"","overlay-opacity":"","overlay-gradient":""},"mobile":{"background-color":"var(--ast-global-color-4)","background-image":"","background-repeat":"repeat","background-position":"center center","background-size":"auto","background-attachment":"scroll","background-type":"","background-media":"","overlay-type":"","overlay-color":"","overlay-opacity":"","overlay-gradient":""}},"_vp_format_video_url":"","_vp_image_focal_point":[],"footnotes":""},"class_list":["post-58","page","type-page","status-publish","hentry"],"yoast_head":"<!-- This site is optimized with the Yoast SEO plugin v26.0 - https:\/\/yoast.com\/wordpress\/plugins\/seo\/ -->\n<title>Adatkezel\u00e9si T\u00e1j\u00e9koztat\u00f3 - Anita Kreat\u00edv St\u00fadi\u00f3<\/title>\n<meta name=\"robots\" content=\"index, follow, max-snippet:-1, max-image-preview:large, max-video-preview:-1\" \/>\n<link rel=\"canonical\" href=\"https:\/\/www.anitakreativstudio.hu\/?page_id=58\" \/>\n<meta property=\"og:locale\" content=\"hu_HU\" \/>\n<meta property=\"og:type\" content=\"article\" \/>\n<meta property=\"og:title\" content=\"Adatkezel\u00e9si T\u00e1j\u00e9koztat\u00f3 - Anita Kreat\u00edv St\u00fadi\u00f3\" \/>\n<meta property=\"og:description\" content=\"Anita Kreat\u00edv St\u00fadi\u00f3Hat\u00e1lyos: 2025.09.27. 1. Az adatkezel\u0151 adatai N\u00e9v: Anita Kreat\u00edv St\u00fadi\u00f3 (egy\u00e9ni v\u00e1llalkoz\u00f3) Sz\u00e9khely: 1141 Budapest, Szederk\u00e9ny utca 11 [&hellip;]\" \/>\n<meta property=\"og:url\" content=\"https:\/\/www.anitakreativstudio.hu\/?page_id=58\" \/>\n<meta property=\"og:site_name\" content=\"Anita Kreat\u00edv St\u00fadi\u00f3\" \/>\n<meta property=\"article:modified_time\" content=\"2025-12-30T09:21:11+00:00\" \/>\n<meta name=\"twitter:card\" content=\"summary_large_image\" \/>\n<meta name=\"twitter:label1\" content=\"Becs\u00fclt olvas\u00e1si id\u0151\" \/>\n\t<meta name=\"twitter:data1\" content=\"1 perc\" \/>\n<script type=\"application\/ld+json\" class=\"yoast-schema-graph\">{\"@context\":\"https:\/\/schema.org\",\"@graph\":[{\"@type\":\"WebPage\",\"@id\":\"https:\/\/www.anitakreativstudio.hu\/?page_id=58\",\"url\":\"https:\/\/www.anitakreativstudio.hu\/?page_id=58\",\"name\":\"Adatkezel\u00e9si T\u00e1j\u00e9koztat\u00f3 - Anita Kreat\u00edv St\u00fadi\u00f3\",\"isPartOf\":{\"@id\":\"http:\/\/www.anitakreativstudio.hu\/#website\"},\"datePublished\":\"2025-09-27T14:25:23+00:00\",\"dateModified\":\"2025-12-30T09:21:11+00:00\",\"breadcrumb\":{\"@id\":\"https:\/\/www.anitakreativstudio.hu\/?page_id=58#breadcrumb\"},\"inLanguage\":\"hu\",\"potentialAction\":[{\"@type\":\"ReadAction\",\"target\":[\"https:\/\/www.anitakreativstudio.hu\/?page_id=58\"]}]},{\"@type\":\"BreadcrumbList\",\"@id\":\"https:\/\/www.anitakreativstudio.hu\/?page_id=58#breadcrumb\",\"itemListElement\":[{\"@type\":\"ListItem\",\"position\":1,\"name\":\"Kezd\u0151lap\",\"item\":\"http:\/\/www.anitakreativstudio.hu\/\"},{\"@type\":\"ListItem\",\"position\":2,\"name\":\"Adatkezel\u00e9si T\u00e1j\u00e9koztat\u00f3\"}]},{\"@type\":\"WebSite\",\"@id\":\"http:\/\/www.anitakreativstudio.hu\/#website\",\"url\":\"http:\/\/www.anitakreativstudio.hu\/\",\"name\":\"Anita Kreat\u00edv St\u00fadi\u00f3\",\"description\":\"\u00c9lm\u00e9nyfest\u00e9s Zugl\u00f3ban - alkot\u00e1s, kikapcsol\u00f3d\u00e1s, k\u00f6z\u00f6ss\u00e9g\",\"publisher\":{\"@id\":\"http:\/\/www.anitakreativstudio.hu\/#organization\"},\"potentialAction\":[{\"@type\":\"SearchAction\",\"target\":{\"@type\":\"EntryPoint\",\"urlTemplate\":\"http:\/\/www.anitakreativstudio.hu\/?s={search_term_string}\"},\"query-input\":{\"@type\":\"PropertyValueSpecification\",\"valueRequired\":true,\"valueName\":\"search_term_string\"}}],\"inLanguage\":\"hu\"},{\"@type\":\"Organization\",\"@id\":\"http:\/\/www.anitakreativstudio.hu\/#organization\",\"name\":\"Anita Kreat\u00edv St\u00fadi\u00f3\",\"url\":\"http:\/\/www.anitakreativstudio.hu\/\",\"logo\":{\"@type\":\"ImageObject\",\"inLanguage\":\"hu\",\"@id\":\"http:\/\/www.anitakreativstudio.hu\/#\/schema\/logo\/image\/\",\"url\":\"https:\/\/www.anitakreativstudio.hu\/wp-content\/uploads\/2025\/09\/cropped-cropped-Anita-masolata.png\",\"contentUrl\":\"https:\/\/www.anitakreativstudio.hu\/wp-content\/uploads\/2025\/09\/cropped-cropped-Anita-masolata.png\",\"width\":512,\"height\":512,\"caption\":\"Anita Kreat\u00edv St\u00fadi\u00f3\"},\"image\":{\"@id\":\"http:\/\/www.anitakreativstudio.hu\/#\/schema\/logo\/image\/\"}}]}<\/script>\n<!-- \/ Yoast SEO plugin. -->","yoast_head_json":{"title":"Adatkezel\u00e9si T\u00e1j\u00e9koztat\u00f3 - Anita Kreat\u00edv St\u00fadi\u00f3","robots":{"index":"index","follow":"follow","max-snippet":"max-snippet:-1","max-image-preview":"max-image-preview:large","max-video-preview":"max-video-preview:-1"},"canonical":"https:\/\/www.anitakreativstudio.hu\/?page_id=58","og_locale":"hu_HU","og_type":"article","og_title":"Adatkezel\u00e9si T\u00e1j\u00e9koztat\u00f3 - Anita Kreat\u00edv St\u00fadi\u00f3","og_description":"Anita Kreat\u00edv St\u00fadi\u00f3Hat\u00e1lyos: 2025.09.27. 1. Az adatkezel\u0151 adatai N\u00e9v: Anita Kreat\u00edv St\u00fadi\u00f3 (egy\u00e9ni v\u00e1llalkoz\u00f3) Sz\u00e9khely: 1141 Budapest, Szederk\u00e9ny utca 11 [&hellip;]","og_url":"https:\/\/www.anitakreativstudio.hu\/?page_id=58","og_site_name":"Anita Kreat\u00edv St\u00fadi\u00f3","article_modified_time":"2025-12-30T09:21:11+00:00","twitter_card":"summary_large_image","twitter_misc":{"Becs\u00fclt olvas\u00e1si id\u0151":"1 perc"},"schema":{"@context":"https:\/\/schema.org","@graph":[{"@type":"WebPage","@id":"https:\/\/www.anitakreativstudio.hu\/?page_id=58","url":"https:\/\/www.anitakreativstudio.hu\/?page_id=58","name":"Adatkezel\u00e9si T\u00e1j\u00e9koztat\u00f3 - Anita Kreat\u00edv St\u00fadi\u00f3","isPartOf":{"@id":"http:\/\/www.anitakreativstudio.hu\/#website"},"datePublished":"2025-09-27T14:25:23+00:00","dateModified":"2025-12-30T09:21:11+00:00","breadcrumb":{"@id":"https:\/\/www.anitakreativstudio.hu\/?page_id=58#breadcrumb"},"inLanguage":"hu","potentialAction":[{"@type":"ReadAction","target":["https:\/\/www.anitakreativstudio.hu\/?page_id=58"]}]},{"@type":"BreadcrumbList","@id":"https:\/\/www.anitakreativstudio.hu\/?page_id=58#breadcrumb","itemListElement":[{"@type":"ListItem","position":1,"name":"Kezd\u0151lap","item":"http:\/\/www.anitakreativstudio.hu\/"},{"@type":"ListItem","position":2,"name":"Adatkezel\u00e9si T\u00e1j\u00e9koztat\u00f3"}]},{"@type":"WebSite","@id":"http:\/\/www.anitakreativstudio.hu\/#website","url":"http:\/\/www.anitakreativstudio.hu\/","name":"Anita Kreat\u00edv St\u00fadi\u00f3","description":"\u00c9lm\u00e9nyfest\u00e9s Zugl\u00f3ban - alkot\u00e1s, kikapcsol\u00f3d\u00e1s, k\u00f6z\u00f6ss\u00e9g","publisher":{"@id":"http:\/\/www.anitakreativstudio.hu\/#organization"},"potentialAction":[{"@type":"SearchAction","target":{"@type":"EntryPoint","urlTemplate":"http:\/\/www.anitakreativstudio.hu\/?s={search_term_string}"},"query-input":{"@type":"PropertyValueSpecification","valueRequired":true,"valueName":"search_term_string"}}],"inLanguage":"hu"},{"@type":"Organization","@id":"http:\/\/www.anitakreativstudio.hu\/#organization","name":"Anita Kreat\u00edv St\u00fadi\u00f3","url":"http:\/\/www.anitakreativstudio.hu\/","logo":{"@type":"ImageObject","inLanguage":"hu","@id":"http:\/\/www.anitakreativstudio.hu\/#\/schema\/logo\/image\/","url":"https:\/\/www.anitakreativstudio.hu\/wp-content\/uploads\/2025\/09\/cropped-cropped-Anita-masolata.png","contentUrl":"https:\/\/www.anitakreativstudio.hu\/wp-content\/uploads\/2025\/09\/cropped-cropped-Anita-masolata.png","width":512,"height":512,"caption":"Anita Kreat\u00edv St\u00fadi\u00f3"},"image":{"@id":"http:\/\/www.anitakreativstudio.hu\/#\/schema\/logo\/image\/"}}]}},"jetpack_likes_enabled":true,"jetpack_sharing_enabled":true,"_links":{"self":[{"href":"https:\/\/www.anitakreativstudio.hu\/index.php?rest_route=\/wp\/v2\/pages\/58","targetHints":{"allow":["GET"]}}],"collection":[{"href":"https:\/\/www.anitakreativstudio.hu\/index.php?rest_route=\/wp\/v2\/pages"}],"about":[{"href":"https:\/\/www.anitakreativstudio.hu\/index.php?rest_route=\/wp\/v2\/types\/page"}],"author":[{"embeddable":true,"href":"https:\/\/www.anitakreativstudio.hu\/index.php?rest_route=\/wp\/v2\/users\/1"}],"replies":[{"embeddable":true,"href":"https:\/\/www.anitakreativstudio.hu\/index.php?rest_route=%2Fwp%2Fv2%2Fcomments&post=58"}],"version-history":[{"count":2,"href":"https:\/\/www.anitakreativstudio.hu\/index.php?rest_route=\/wp\/v2\/pages\/58\/revisions"}],"predecessor-version":[{"id":342,"href":"https:\/\/www.anitakreativstudio.hu\/index.php?rest_route=\/wp\/v2\/pages\/58\/revisions\/342"}],"wp:attachment":[{"href":"https:\/\/www.anitakreativstudio.hu\/index.php?rest_route=%2Fwp%2Fv2%2Fmedia&parent=58"}],"curies":[{"name":"wp","href":"https:\/\/api.w.org\/{rel}","templated":true}]}}